{"id":18380,"date":"2025-12-04T09:21:34","date_gmt":"2025-12-04T09:21:34","guid":{"rendered":"https:\/\/depierreenpierre.fr\/?page_id=18380"},"modified":"2025-12-08T11:13:09","modified_gmt":"2025-12-08T11:13:09","slug":"annonces-biens-anciens","status":"publish","type":"page","link":"https:\/\/depierreenpierre.fr\/en\/annonces-biens-anciens\/","title":{"rendered":"Tous les biens"},"content":{"rendered":"","protected":false},"excerpt":{"rendered":"","protected":false},"author":4,"featured_media":0,"parent":0,"menu_order":43,"comment_status":"closed","ping_status":"closed","template":"template\/template-listing-grid-v1-fullwidth-3cols.php","meta":{"content-type":"","footnotes":""},"class_list":["post-18380","page","type-page","status-publish","hentry"],"yoast_head":"<!-- This site is optimized with the Yoast SEO plugin v26.8 - https:\/\/yoast.com\/product\/yoast-seo-wordpress\/ -->\n<title>Biens en pierre \u00e0 vendre \u2013 De Pierre en Pierre<\/title>\n<meta name=\"description\" content=\"D\u00e9couvrez tous les biens anciens en pierre disponibles : maisons de caract\u00e8re, long\u00e8res, b\u00e2tisses, fermes r\u00e9nov\u00e9es et propri\u00e9t\u00e9s patrimoniales \u00e0 vendre.\" \/>\n<meta name=\"robots\" content=\"index, follow, max-snippet:-1, max-image-preview:large, max-video-preview:-1\" \/>\n<link rel=\"canonical\" href=\"https:\/\/depierreenpierre.fr\/en\/annonces-biens-anciens\/\" \/>\n<meta property=\"og:locale\" content=\"en_US\" \/>\n<meta property=\"og:type\" content=\"article\" \/>\n<meta property=\"og:title\" content=\"Biens en pierre \u00e0 vendre \u2013 De Pierre en Pierre\" \/>\n<meta property=\"og:description\" content=\"D\u00e9couvrez tous les biens anciens en pierre disponibles : maisons de caract\u00e8re, long\u00e8res, b\u00e2tisses, fermes r\u00e9nov\u00e9es et propri\u00e9t\u00e9s patrimoniales \u00e0 vendre.\" \/>\n<meta property=\"og:url\" content=\"https:\/\/depierreenpierre.fr\/en\/annonces-biens-anciens\/\" \/>\n<meta property=\"og:site_name\" content=\"depierreenpierre.fr\" \/>\n<meta property=\"article:modified_time\" content=\"2025-12-08T11:13:09+00:00\" \/>\n<meta name=\"twitter:card\" content=\"summary_large_image\" \/>\n<script type=\"application\/ld+json\" class=\"yoast-schema-graph\">{\"@context\":\"https:\/\/schema.org\",\"@graph\":[{\"@type\":\"WebPage\",\"@id\":\"https:\/\/depierreenpierre.fr\/annonces-biens-anciens\/\",\"url\":\"https:\/\/depierreenpierre.fr\/annonces-biens-anciens\/\",\"name\":\"Biens en pierre \u00e0 vendre \u2013 De Pierre en Pierre\",\"isPartOf\":{\"@id\":\"https:\/\/depierreenpierre.fr\/#website\"},\"datePublished\":\"2025-12-04T09:21:34+00:00\",\"dateModified\":\"2025-12-08T11:13:09+00:00\",\"description\":\"D\u00e9couvrez tous les biens anciens en pierre disponibles : maisons de caract\u00e8re, long\u00e8res, b\u00e2tisses, fermes r\u00e9nov\u00e9es et propri\u00e9t\u00e9s patrimoniales \u00e0 vendre.\",\"breadcrumb\":{\"@id\":\"https:\/\/depierreenpierre.fr\/annonces-biens-anciens\/#breadcrumb\"},\"inLanguage\":\"en-US\",\"potentialAction\":[{\"@type\":\"ReadAction\",\"target\":[\"https:\/\/depierreenpierre.fr\/annonces-biens-anciens\/\"]}]},{\"@type\":\"BreadcrumbList\",\"@id\":\"https:\/\/depierreenpierre.fr\/annonces-biens-anciens\/#breadcrumb\",\"itemListElement\":[{\"@type\":\"ListItem\",\"position\":1,\"name\":\"Accueil\",\"item\":\"https:\/\/depierreenpierre.fr\/\"},{\"@type\":\"ListItem\",\"position\":2,\"name\":\"Tous les biens\"}]},{\"@type\":\"WebSite\",\"@id\":\"https:\/\/depierreenpierre.fr\/#website\",\"url\":\"https:\/\/depierreenpierre.fr\/\",\"name\":\"depierreenpierre.fr\",\"description\":\"Plateforme d&#039;annonces immobili\u00e8res sp\u00e9cialis\u00e9e en biens anciens\",\"publisher\":{\"@id\":\"https:\/\/depierreenpierre.fr\/#organization\"},\"potentialAction\":[{\"@type\":\"SearchAction\",\"target\":{\"@type\":\"EntryPoint\",\"urlTemplate\":\"https:\/\/depierreenpierre.fr\/?s={search_term_string}\"},\"query-input\":{\"@type\":\"PropertyValueSpecification\",\"valueRequired\":true,\"valueName\":\"search_term_string\"}}],\"inLanguage\":\"en-US\"},{\"@type\":\"Organization\",\"@id\":\"https:\/\/depierreenpierre.fr\/#organization\",\"name\":\"depierreenpierre.fr\",\"url\":\"https:\/\/depierreenpierre.fr\/\",\"logo\":{\"@type\":\"ImageObject\",\"inLanguage\":\"en-US\",\"@id\":\"https:\/\/depierreenpierre.fr\/#\/schema\/logo\/image\/\",\"url\":\"https:\/\/depierreenpierre.fr\/wp-content\/uploads\/2025\/10\/Gemini_Generated_Image_onwkifonwkifonwk.png\",\"contentUrl\":\"https:\/\/depierreenpierre.fr\/wp-content\/uploads\/2025\/10\/Gemini_Generated_Image_onwkifonwkifonwk.png\",\"width\":1024,\"height\":1024,\"caption\":\"depierreenpierre.fr\"},\"image\":{\"@id\":\"https:\/\/depierreenpierre.fr\/#\/schema\/logo\/image\/\"},\"sameAs\":[\"https:\/\/www.instagram.com\/depierreenpierre\/\"]}]}<\/script>\n<!-- \/ Yoast SEO plugin. -->","yoast_head_json":{"title":"Biens en pierre \u00e0 vendre \u2013 De Pierre en Pierre","description":"D\u00e9couvrez tous les biens anciens en pierre disponibles : maisons de caract\u00e8re, long\u00e8res, b\u00e2tisses, fermes r\u00e9nov\u00e9es et propri\u00e9t\u00e9s patrimoniales \u00e0 vendre.","robots":{"index":"index","follow":"follow","max-snippet":"max-snippet:-1","max-image-preview":"max-image-preview:large","max-video-preview":"max-video-preview:-1"},"canonical":"https:\/\/depierreenpierre.fr\/en\/annonces-biens-anciens\/","og_locale":"en_US","og_type":"article","og_title":"Biens en pierre \u00e0 vendre \u2013 De Pierre en Pierre","og_description":"D\u00e9couvrez tous les biens anciens en pierre disponibles : maisons de caract\u00e8re, long\u00e8res, b\u00e2tisses, fermes r\u00e9nov\u00e9es et propri\u00e9t\u00e9s patrimoniales \u00e0 vendre.","og_url":"https:\/\/depierreenpierre.fr\/en\/annonces-biens-anciens\/","og_site_name":"depierreenpierre.fr","article_modified_time":"2025-12-08T11:13:09+00:00","twitter_card":"summary_large_image","schema":{"@context":"https:\/\/schema.org","@graph":[{"@type":"WebPage","@id":"https:\/\/depierreenpierre.fr\/annonces-biens-anciens\/","url":"https:\/\/depierreenpierre.fr\/annonces-biens-anciens\/","name":"Biens en pierre \u00e0 vendre \u2013 De Pierre en Pierre","isPartOf":{"@id":"https:\/\/depierreenpierre.fr\/#website"},"datePublished":"2025-12-04T09:21:34+00:00","dateModified":"2025-12-08T11:13:09+00:00","description":"D\u00e9couvrez tous les biens anciens en pierre disponibles : maisons de caract\u00e8re, long\u00e8res, b\u00e2tisses, fermes r\u00e9nov\u00e9es et propri\u00e9t\u00e9s patrimoniales \u00e0 vendre.","breadcrumb":{"@id":"https:\/\/depierreenpierre.fr\/annonces-biens-anciens\/#breadcrumb"},"inLanguage":"en-US","potentialAction":[{"@type":"ReadAction","target":["https:\/\/depierreenpierre.fr\/annonces-biens-anciens\/"]}]},{"@type":"BreadcrumbList","@id":"https:\/\/depierreenpierre.fr\/annonces-biens-anciens\/#breadcrumb","itemListElement":[{"@type":"ListItem","position":1,"name":"Accueil","item":"https:\/\/depierreenpierre.fr\/"},{"@type":"ListItem","position":2,"name":"Tous les biens"}]},{"@type":"WebSite","@id":"https:\/\/depierreenpierre.fr\/#website","url":"https:\/\/depierreenpierre.fr\/","name":"depierreenpierre.fr","description":"Plateforme d&#039;annonces immobili\u00e8res sp\u00e9cialis\u00e9e en biens anciens","publisher":{"@id":"https:\/\/depierreenpierre.fr\/#organization"},"potentialAction":[{"@type":"SearchAction","target":{"@type":"EntryPoint","urlTemplate":"https:\/\/depierreenpierre.fr\/?s={search_term_string}"},"query-input":{"@type":"PropertyValueSpecification","valueRequired":true,"valueName":"search_term_string"}}],"inLanguage":"en-US"},{"@type":"Organization","@id":"https:\/\/depierreenpierre.fr\/#organization","name":"depierreenpierre.fr","url":"https:\/\/depierreenpierre.fr\/","logo":{"@type":"ImageObject","inLanguage":"en-US","@id":"https:\/\/depierreenpierre.fr\/#\/schema\/logo\/image\/","url":"https:\/\/depierreenpierre.fr\/wp-content\/uploads\/2025\/10\/Gemini_Generated_Image_onwkifonwkifonwk.png","contentUrl":"https:\/\/depierreenpierre.fr\/wp-content\/uploads\/2025\/10\/Gemini_Generated_Image_onwkifonwkifonwk.png","width":1024,"height":1024,"caption":"depierreenpierre.fr"},"image":{"@id":"https:\/\/depierreenpierre.fr\/#\/schema\/logo\/image\/"},"sameAs":["https:\/\/www.instagram.com\/depierreenpierre\/"]}]}},"_links":{"self":[{"href":"https:\/\/depierreenpierre.fr\/en\/wp-json\/wp\/v2\/pages\/18380","targetHints":{"allow":["GET"]}}],"collection":[{"href":"https:\/\/depierreenpierre.fr\/en\/wp-json\/wp\/v2\/pages"}],"about":[{"href":"https:\/\/depierreenpierre.fr\/en\/wp-json\/wp\/v2\/types\/page"}],"author":[{"embeddable":true,"href":"https:\/\/depierreenpierre.fr\/en\/wp-json\/wp\/v2\/users\/4"}],"replies":[{"embeddable":true,"href":"https:\/\/depierreenpierre.fr\/en\/wp-json\/wp\/v2\/comments?post=18380"}],"version-history":[{"count":0,"href":"https:\/\/depierreenpierre.fr\/en\/wp-json\/wp\/v2\/pages\/18380\/revisions"}],"wp:attachment":[{"href":"https:\/\/depierreenpierre.fr\/en\/wp-json\/wp\/v2\/media?parent=18380"}],"curies":[{"name":"wp","href":"https:\/\/api.w.org\/{rel}","templated":true}]}}