{"id":20437,"date":"2025-12-23T10:28:57","date_gmt":"2025-12-23T10:28:22","guid":{"rendered":"https:\/\/depierreenpierre.fr\/biens-anciens-a-nantes-2\/"},"modified":"2026-01-08T16:20:18","modified_gmt":"2026-01-08T16:20:18","slug":"biens-anciens-a-bordeaux","status":"publish","type":"page","link":"https:\/\/depierreenpierre.fr\/en\/biens-anciens-a-bordeaux\/","title":{"rendered":"Biens anciens \u00e0 Bordeaux"},"content":{"rendered":"<div data-elementor-type=\"wp-page\" data-elementor-id=\"20437\" class=\"elementor elementor-20437\">\n\t\t\t\t<div class=\"elementor-element elementor-element-428121b e-flex e-con-boxed e-con e-parent\" data-id=\"428121b\" data-element_type=\"container\">\n\t\t\t\t\t<div class=\"e-con-inner\">\n\t\t\t\t<div class=\"elementor-element elementor-element-76c7ce1 elementor-widget elementor-widget-heading\" data-id=\"76c7ce1\" data-element_type=\"widget\" data-widget_type=\"heading.default\">\n\t\t\t\t\t<h1 class=\"elementor-heading-title elementor-size-default\">Biens anciens \u00e0 vendre \u00e0 Bordeaux\n<\/h1>\t\t\t\t<\/div>\n\t\t\t\t\t<\/div>\n\t\t\t\t<\/div>\n\t\t<div class=\"elementor-element elementor-element-539dbe7 e-flex e-con-boxed e-con e-parent\" data-id=\"539dbe7\" data-element_type=\"container\">\n\t\t\t\t\t<div class=\"e-con-inner\">\n\t\t\t\t<div class=\"elementor-element elementor-element-3b5fedd elementor-widget elementor-widget-text-editor\" data-id=\"3b5fedd\" data-element_type=\"widget\" data-widget_type=\"text-editor.default\">\n\t\t\t\t\t\t\t\t\t<p data-start=\"185\" data-end=\"431\">D\u00e9couvrez notre s\u00e9lection de biens anciens \u00e0 vendre \u00e0 Bordeaux, ville embl\u00e9matique du Sud-Ouest de la France, class\u00e9e au patrimoine mondial de l\u2019UNESCO, reconnue pour son architecture exceptionnelle, sa qualit\u00e9 de vie et son dynamisme \u00e9conomique.<\/p><p data-start=\"433\" data-end=\"761\">Maisons en pierre, appartements anciens, immeubles de charme ou biens \u00e0 r\u00e9nover : notre plateforme r\u00e9f\u00e9rence des annonces immobili\u00e8res soigneusement s\u00e9lectionn\u00e9es \u00e0 Bordeaux et dans ses quartiers embl\u00e9matiques comme le Triangle d\u2019Or, les Chartrons, Saint-Seurin \u2013 Fondaud\u00e8ge, le centre historique, Caud\u00e9ran ou encore la Bastide.<\/p><p data-start=\"763\" data-end=\"1037\">Investir dans un bien ancien \u00e0 Bordeaux, c\u2019est faire le choix d\u2019un march\u00e9 immobilier attractif, port\u00e9 par une forte demande locative, une population \u00e9tudiante importante, un tissu \u00e9conomique solide et une excellente accessibilit\u00e9 (gare TGV, tramway, a\u00e9roport international).<\/p><p data-start=\"1039\" data-end=\"1226\">Parcourez d\u00e8s maintenant nos annonces de biens anciens \u00e0 Bordeaux et trouvez la propri\u00e9t\u00e9 qui correspond \u00e0 votre projet : r\u00e9sidence principale, investissement locatif ou bien de prestige.<\/p>\t\t\t\t\t\t\t\t<\/div>\n\t\t\t\t\t<\/div>\n\t\t\t\t<\/div>\n\t\t<div class=\"elementor-element elementor-element-5f5f996 e-flex e-con-boxed e-con e-parent\" data-id=\"5f5f996\" data-element_type=\"container\">\n\t\t\t\t\t<div class=\"e-con-inner\">\n\t\t\t\t<div class=\"elementor-element elementor-element-be98eaa elementor-widget elementor-widget-heading\" data-id=\"be98eaa\" data-element_type=\"widget\" data-widget_type=\"heading.default\">\n\t\t\t\t\t<h2 class=\"elementor-heading-title elementor-size-default\">Pourquoi investir dans un bien ancien \u00e0 Bordeaux ?<\/h2>\t\t\t\t<\/div>\n\t\t\t\t\t<\/div>\n\t\t\t\t<\/div>\n\t\t<div class=\"elementor-element elementor-element-b779486 e-flex e-con-boxed e-con e-parent\" data-id=\"b779486\" data-element_type=\"container\">\n\t\t\t\t\t<div class=\"e-con-inner\">\n\t\t\t\t<div class=\"elementor-element elementor-element-931a944 elementor-widget elementor-widget-text-editor\" data-id=\"931a944\" data-element_type=\"widget\" data-widget_type=\"text-editor.default\">\n\t\t\t\t\t\t\t\t\t<p data-start=\"1289\" data-end=\"1621\">Investir dans un bien ancien \u00e0 Bordeaux repr\u00e9sente une opportunit\u00e9 immobili\u00e8re p\u00e9renne. Capitale de la Nouvelle-Aquitaine, Bordeaux s\u00e9duit chaque ann\u00e9e de nouveaux habitants gr\u00e2ce \u00e0 son bassin d\u2019emploi dynamique, ses universit\u00e9s et grandes \u00e9coles, son attractivit\u00e9 touristique et son cadre de vie recherch\u00e9 entre oc\u00e9an et vignobles.<\/p><p data-start=\"1623\" data-end=\"1993\">Le march\u00e9 de l\u2019immobilier ancien \u00e0 Bordeaux se distingue par une demande soutenue, tant pour l\u2019achat en r\u00e9sidence principale que pour l\u2019investissement locatif. Les biens anciens sont particuli\u00e8rement pris\u00e9s pour leur cachet architectural, leurs volumes g\u00e9n\u00e9reux, leurs prestations d\u2019\u00e9poque et leur implantation dans des quartiers centraux ou historiques tr\u00e8s recherch\u00e9s.<\/p>\t\t\t\t\t\t\t\t<\/div>\n\t\t\t\t\t<\/div>\n\t\t\t\t<\/div>\n\t\t<div class=\"elementor-element elementor-element-974a93e e-flex e-con-boxed e-con e-parent\" data-id=\"974a93e\" data-element_type=\"container\">\n\t\t\t\t\t<div class=\"e-con-inner\">\n\t\t\t\t<div class=\"elementor-element elementor-element-4a061e8 elementor-widget elementor-widget-heading\" data-id=\"4a061e8\" data-element_type=\"widget\" data-widget_type=\"heading.default\">\n\t\t\t\t\t<h2 class=\"elementor-heading-title elementor-size-default\">Nos biens anciens disponibles \u00e0 Bordeaux<\/h2>\t\t\t\t<\/div>\n\t\t\t\t\t<\/div>\n\t\t\t\t<\/div>\n\t\t<div class=\"elementor-element elementor-element-78e9f0b e-flex e-con-boxed e-con e-parent\" data-id=\"78e9f0b\" data-element_type=\"container\">\n\t\t\t\t\t<div class=\"e-con-inner\">\n\t\t\t\t<div class=\"elementor-element elementor-element-3ee6ff0 elementor-widget elementor-widget-text-editor\" data-id=\"3ee6ff0\" data-element_type=\"widget\" data-widget_type=\"text-editor.default\">\n\t\t\t\t\t\t\t\t\t<p data-start=\"2046\" data-end=\"2284\">Notre plateforme r\u00e9f\u00e9rence une s\u00e9lection rigoureuse de biens anciens \u00e0 vendre \u00e0 Bordeaux, incluant des appartements anciens, des maisons en pierre, des immeubles de rapport et des biens \u00e0 r\u00e9nover offrant un fort potentiel de valorisation.<\/p><p data-start=\"2286\" data-end=\"2478\">Chaque annonce immobili\u00e8re est d\u00e9taill\u00e9e afin de vous permettre d\u2019\u00e9valuer pr\u00e9cis\u00e9ment le potentiel du bien : emplacement, surface, prestations, travaux \u00e9ventuels et opportunit\u00e9s patrimoniales.<\/p>\t\t\t\t\t\t\t\t<\/div>\n\t\t\t\t\t<\/div>\n\t\t\t\t<\/div>\n\t\t<div class=\"elementor-element elementor-element-f992808 e-flex e-con-boxed e-con e-parent\" data-id=\"f992808\" data-element_type=\"container\">\n\t\t\t\t\t<div class=\"e-con-inner\">\n\t\t\t\t<div class=\"elementor-element elementor-element-11fcdbb elementor-widget elementor-widget-houzez_elementor_section_title\" data-id=\"11fcdbb\" data-element_type=\"widget\" data-widget_type=\"houzez_elementor_section_title.default\">\n\t\t\t\t<div class=\"elementor-widget-container\">\n\t\t\t\t\t            <div class=\"houzez_section_title_wrap section-title-module\">\n                                    <h2 class=\"houzez_section_title\">Quartiers recherch\u00e9s pour l\u2019immobilier ancien \u00e0 Bordeaux<\/h2>\n                \n                            <\/div>\n            \t\t\t\t<\/div>\n\t\t\t\t<\/div>\n\t\t\t\t\t<\/div>\n\t\t\t\t<\/div>\n\t\t<div class=\"elementor-element elementor-element-488f8bb e-flex e-con-boxed e-con e-parent\" data-id=\"488f8bb\" data-element_type=\"container\">\n\t\t\t\t\t<div class=\"e-con-inner\">\n\t\t\t\t<div class=\"elementor-element elementor-element-5904fa9 elementor-widget elementor-widget-text-editor\" data-id=\"5904fa9\" data-element_type=\"widget\" data-widget_type=\"text-editor.default\">\n\t\t\t\t\t\t\t\t\t<p data-start=\"2547\" data-end=\"2673\">Bordeaux dispose de nombreux quartiers pris\u00e9s pour l\u2019achat de biens anciens. Parmi les secteurs les plus recherch\u00e9s figurent :<\/p><ul data-start=\"2675\" data-end=\"3164\"><li data-start=\"2675\" data-end=\"2811\"><p data-start=\"2677\" data-end=\"2811\"><strong data-start=\"2677\" data-end=\"2727\">Le Triangle d\u2019Or et le centre-ville historique<\/strong>, r\u00e9put\u00e9s pour leur \u00e9l\u00e9gance architecturale et leurs immeubles en pierre de taille<\/p><\/li><li data-start=\"2812\" data-end=\"2908\"><p data-start=\"2814\" data-end=\"2908\"><strong data-start=\"2814\" data-end=\"2831\">Les Chartrons<\/strong>, appr\u00e9ci\u00e9s pour leur esprit village, leurs lofts et appartements de charme<\/p><\/li><li data-start=\"2909\" data-end=\"3004\"><p data-start=\"2911\" data-end=\"3004\"><strong data-start=\"2911\" data-end=\"2940\">Saint-Seurin \u2013 Fondaud\u00e8ge<\/strong>, pour leur cadre r\u00e9sidentiel et leur proximit\u00e9 avec le centre<\/p><\/li><li data-start=\"3005\" data-end=\"3092\"><p data-start=\"3007\" data-end=\"3092\"><strong data-start=\"3007\" data-end=\"3019\">Caud\u00e9ran<\/strong>, recherch\u00e9 pour ses maisons de caract\u00e8re et son environnement familial<\/p><\/li><li data-start=\"3093\" data-end=\"3164\"><p data-start=\"3095\" data-end=\"3164\"><strong data-start=\"3095\" data-end=\"3109\">La Bastide<\/strong>, en plein renouveau, attractive pour les investisseurs<\/p><\/li><\/ul><p data-start=\"3166\" data-end=\"3307\">Certains secteurs en d\u00e9veloppement offrent \u00e9galement des opportunit\u00e9s int\u00e9ressantes pour les biens \u00e0 r\u00e9nover ou \u00e0 fort potentiel patrimonial.<\/p>\t\t\t\t\t\t\t\t<\/div>\n\t\t\t\t\t<\/div>\n\t\t\t\t<\/div>\n\t\t<div class=\"elementor-element elementor-element-9d11263 e-flex e-con-boxed e-con e-parent\" data-id=\"9d11263\" data-element_type=\"container\">\n\t\t\t\t\t<div class=\"e-con-inner\">\n\t\t\t\t<div class=\"elementor-element elementor-element-acc7c8e elementor-widget elementor-widget-heading\" data-id=\"acc7c8e\" data-element_type=\"widget\" data-widget_type=\"heading.default\">\n\t\t\t\t\t<h2 class=\"elementor-heading-title elementor-size-default\">Acheter un bien ancien \u00e0 Bordeaux : r\u00e9sidence ou investissement<\/h2>\t\t\t\t<\/div>\n\t\t\t\t<div class=\"elementor-element elementor-element-6ba7d74 elementor-widget elementor-widget-text-editor\" data-id=\"6ba7d74\" data-element_type=\"widget\" data-widget_type=\"text-editor.default\">\n\t\t\t\t\t\t\t\t\t<p data-start=\"3383\" data-end=\"3667\">Acheter un bien ancien \u00e0 Bordeaux peut r\u00e9pondre \u00e0 diff\u00e9rents objectifs : r\u00e9sidence principale, r\u00e9sidence secondaire ou investissement locatif. La ville b\u00e9n\u00e9ficie d\u2019une demande locative soutenue gr\u00e2ce \u00e0 sa population \u00e9tudiante, son attractivit\u00e9 touristique et son dynamisme \u00e9conomique.<\/p><p data-start=\"3669\" data-end=\"3889\">Les biens anciens offrent \u00e9galement des perspectives de valorisation int\u00e9ressantes, notamment gr\u00e2ce aux travaux de r\u00e9novation, aux dispositifs fiscaux existants et \u00e0 l\u2019attractivit\u00e9 durable du march\u00e9 immobilier bordelais.<\/p>\t\t\t\t\t\t\t\t<\/div>\n\t\t\t\t\t<\/div>\n\t\t\t\t<\/div>\n\t\t<div class=\"elementor-element elementor-element-a91692d e-flex e-con-boxed e-con e-parent\" data-id=\"a91692d\" data-element_type=\"container\">\n\t\t\t\t\t<div class=\"e-con-inner\">\n\t\t\t\t<div class=\"elementor-element elementor-element-89b13a3 elementor-widget elementor-widget-heading\" data-id=\"89b13a3\" data-element_type=\"widget\" data-widget_type=\"heading.default\">\n\t\t\t\t\t<h2 class=\"elementor-heading-title elementor-size-default\">D\u00e9couvrez toutes nos annonces de biens anciens \u00e0 Bordeaux<\/h2>\t\t\t\t<\/div>\n\t\t\t\t\t<\/div>\n\t\t\t\t<\/div>\n\t\t<div class=\"elementor-element elementor-element-f508ab8 e-flex e-con-boxed e-con e-parent\" data-id=\"f508ab8\" data-element_type=\"container\">\n\t\t\t\t\t<div class=\"e-con-inner\">\n\t\t\t\t<div class=\"elementor-element elementor-element-f8b21bf elementor-widget elementor-widget-text-editor\" data-id=\"f8b21bf\" data-element_type=\"widget\" data-widget_type=\"text-editor.default\">\n\t\t\t\t\t\t\t\t\t<p data-start=\"3959\" data-end=\"4134\">Parcourez d\u00e8s maintenant nos annonces de biens anciens \u00e0 vendre \u00e0 Bordeaux et affinez votre recherche selon vos crit\u00e8res : type de bien, quartier, budget ou projet immobilier.<\/p><p data-start=\"4136\" data-end=\"4365\">Notre plateforme vous accompagne dans votre recherche afin de vous aider \u00e0 trouver un bien ancien correspondant \u00e0 vos attentes, qu\u2019il s\u2019agisse d\u2019un achat coup de c\u0153ur, d\u2019un investissement patrimonial ou d\u2019un projet de r\u00e9novation.<\/p><p><a href=\"https:\/\/depierreenpierre.fr\/en\/ville\/bordeaux\/\">\ud83d\udc49 <em data-start=\"2325\" data-end=\"2403\">Voir toutes les annonces de biens anciens actuellement disponibles \u00e0 Bordeaux.<\/em><\/a><\/p>\t\t\t\t\t\t\t\t<\/div>\n\t\t\t\t\t<\/div>\n\t\t\t\t<\/div>\n\t\t<div class=\"elementor-element elementor-element-9733319 e-flex e-con-boxed e-con e-parent\" data-id=\"9733319\" data-element_type=\"container\">\n\t\t\t\t\t<div class=\"e-con-inner\">\n\t\t\t\t\t<\/div>\n\t\t\t\t<\/div>\n\t\t\t\t<\/div>","protected":false},"excerpt":{"rendered":"<p>Biens anciens \u00e0 vendre \u00e0 Bordeaux D\u00e9couvrez notre s\u00e9lection de biens anciens \u00e0 vendre \u00e0 Bordeaux, ville embl\u00e9matique du Sud-Ouest de la France, class\u00e9e au patrimoine mondial de l\u2019UNESCO, reconnue pour son architecture exceptionnelle, sa qualit\u00e9 de vie et son dynamisme \u00e9conomique. Maisons en pierre, appartements anciens, immeubles de charme ou biens \u00e0 r\u00e9nover : [&hellip;]<\/p>","protected":false},"author":4,"featured_media":0,"parent":0,"menu_order":34,"comment_status":"closed","ping_status":"closed","template":"elementor_header_footer","meta":{"content-type":"","footnotes":""},"class_list":["post-20437","page","type-page","status-publish","hentry"],"yoast_head":"<!-- This site is optimized with the Yoast SEO plugin v26.8 - https:\/\/yoast.com\/product\/yoast-seo-wordpress\/ -->\n<title>Biens anciens \u00e0 vendre \u00e0 Bordeaux | Maisons de caract\u00e8re<\/title>\n<meta name=\"description\" content=\"D\u00e9couvrez notre s\u00e9lection de biens anciens \u00e0 vendre \u00e0 Bordeaux : maisons de caract\u00e8re, appartements anciens et biens de charme dans les quartiers les plus recherch\u00e9s.\" \/>\n<meta name=\"robots\" content=\"index, follow, max-snippet:-1, max-image-preview:large, max-video-preview:-1\" \/>\n<link rel=\"canonical\" href=\"https:\/\/depierreenpierre.fr\/en\/biens-anciens-a-bordeaux\/\" \/>\n<meta property=\"og:locale\" content=\"en_US\" \/>\n<meta property=\"og:type\" content=\"article\" \/>\n<meta property=\"og:title\" content=\"Biens anciens \u00e0 vendre \u00e0 Bordeaux | Maisons de caract\u00e8re\" \/>\n<meta property=\"og:description\" content=\"D\u00e9couvrez notre s\u00e9lection de biens anciens \u00e0 vendre \u00e0 Bordeaux : maisons de caract\u00e8re, appartements anciens et biens de charme dans les quartiers les plus recherch\u00e9s.\" \/>\n<meta property=\"og:url\" content=\"https:\/\/depierreenpierre.fr\/en\/biens-anciens-a-bordeaux\/\" \/>\n<meta property=\"og:site_name\" content=\"depierreenpierre.fr\" \/>\n<meta property=\"article:modified_time\" content=\"2026-01-08T16:20:18+00:00\" \/>\n<meta name=\"twitter:card\" content=\"summary_large_image\" \/>\n<meta name=\"twitter:label1\" content=\"Est. reading time\" \/>\n\t<meta name=\"twitter:data1\" content=\"1 minute\" \/>\n<script type=\"application\/ld+json\" class=\"yoast-schema-graph\">{\"@context\":\"https:\/\/schema.org\",\"@graph\":[{\"@type\":\"WebPage\",\"@id\":\"https:\/\/depierreenpierre.fr\/biens-anciens-a-bordeaux\/\",\"url\":\"https:\/\/depierreenpierre.fr\/biens-anciens-a-bordeaux\/\",\"name\":\"Biens anciens \u00e0 vendre \u00e0 Bordeaux | Maisons de caract\u00e8re\",\"isPartOf\":{\"@id\":\"https:\/\/depierreenpierre.fr\/#website\"},\"datePublished\":\"2025-12-23T10:28:22+00:00\",\"dateModified\":\"2026-01-08T16:20:18+00:00\",\"description\":\"D\u00e9couvrez notre s\u00e9lection de biens anciens \u00e0 vendre \u00e0 Bordeaux : maisons de caract\u00e8re, appartements anciens et biens de charme dans les quartiers les plus recherch\u00e9s.\",\"breadcrumb\":{\"@id\":\"https:\/\/depierreenpierre.fr\/biens-anciens-a-bordeaux\/#breadcrumb\"},\"inLanguage\":\"en-US\",\"potentialAction\":[{\"@type\":\"ReadAction\",\"target\":[\"https:\/\/depierreenpierre.fr\/biens-anciens-a-bordeaux\/\"]}]},{\"@type\":\"BreadcrumbList\",\"@id\":\"https:\/\/depierreenpierre.fr\/biens-anciens-a-bordeaux\/#breadcrumb\",\"itemListElement\":[{\"@type\":\"ListItem\",\"position\":1,\"name\":\"Accueil\",\"item\":\"https:\/\/depierreenpierre.fr\/\"},{\"@type\":\"ListItem\",\"position\":2,\"name\":\"Biens anciens \u00e0 Bordeaux\"}]},{\"@type\":\"WebSite\",\"@id\":\"https:\/\/depierreenpierre.fr\/#website\",\"url\":\"https:\/\/depierreenpierre.fr\/\",\"name\":\"depierreenpierre.fr\",\"description\":\"Plateforme d&#039;annonces immobili\u00e8res sp\u00e9cialis\u00e9e en biens anciens\",\"publisher\":{\"@id\":\"https:\/\/depierreenpierre.fr\/#organization\"},\"potentialAction\":[{\"@type\":\"SearchAction\",\"target\":{\"@type\":\"EntryPoint\",\"urlTemplate\":\"https:\/\/depierreenpierre.fr\/?s={search_term_string}\"},\"query-input\":{\"@type\":\"PropertyValueSpecification\",\"valueRequired\":true,\"valueName\":\"search_term_string\"}}],\"inLanguage\":\"en-US\"},{\"@type\":\"Organization\",\"@id\":\"https:\/\/depierreenpierre.fr\/#organization\",\"name\":\"depierreenpierre.fr\",\"url\":\"https:\/\/depierreenpierre.fr\/\",\"logo\":{\"@type\":\"ImageObject\",\"inLanguage\":\"en-US\",\"@id\":\"https:\/\/depierreenpierre.fr\/#\/schema\/logo\/image\/\",\"url\":\"https:\/\/depierreenpierre.fr\/wp-content\/uploads\/2025\/10\/Gemini_Generated_Image_onwkifonwkifonwk.png\",\"contentUrl\":\"https:\/\/depierreenpierre.fr\/wp-content\/uploads\/2025\/10\/Gemini_Generated_Image_onwkifonwkifonwk.png\",\"width\":1024,\"height\":1024,\"caption\":\"depierreenpierre.fr\"},\"image\":{\"@id\":\"https:\/\/depierreenpierre.fr\/#\/schema\/logo\/image\/\"},\"sameAs\":[\"https:\/\/www.instagram.com\/depierreenpierre\/\"]}]}<\/script>\n<!-- \/ Yoast SEO plugin. -->","yoast_head_json":{"title":"Biens anciens \u00e0 vendre \u00e0 Bordeaux | Maisons de caract\u00e8re","description":"D\u00e9couvrez notre s\u00e9lection de biens anciens \u00e0 vendre \u00e0 Bordeaux : maisons de caract\u00e8re, appartements anciens et biens de charme dans les quartiers les plus recherch\u00e9s.","robots":{"index":"index","follow":"follow","max-snippet":"max-snippet:-1","max-image-preview":"max-image-preview:large","max-video-preview":"max-video-preview:-1"},"canonical":"https:\/\/depierreenpierre.fr\/en\/biens-anciens-a-bordeaux\/","og_locale":"en_US","og_type":"article","og_title":"Biens anciens \u00e0 vendre \u00e0 Bordeaux | Maisons de caract\u00e8re","og_description":"D\u00e9couvrez notre s\u00e9lection de biens anciens \u00e0 vendre \u00e0 Bordeaux : maisons de caract\u00e8re, appartements anciens et biens de charme dans les quartiers les plus recherch\u00e9s.","og_url":"https:\/\/depierreenpierre.fr\/en\/biens-anciens-a-bordeaux\/","og_site_name":"depierreenpierre.fr","article_modified_time":"2026-01-08T16:20:18+00:00","twitter_card":"summary_large_image","twitter_misc":{"Est. reading time":"1 minute"},"schema":{"@context":"https:\/\/schema.org","@graph":[{"@type":"WebPage","@id":"https:\/\/depierreenpierre.fr\/biens-anciens-a-bordeaux\/","url":"https:\/\/depierreenpierre.fr\/biens-anciens-a-bordeaux\/","name":"Biens anciens \u00e0 vendre \u00e0 Bordeaux | Maisons de caract\u00e8re","isPartOf":{"@id":"https:\/\/depierreenpierre.fr\/#website"},"datePublished":"2025-12-23T10:28:22+00:00","dateModified":"2026-01-08T16:20:18+00:00","description":"D\u00e9couvrez notre s\u00e9lection de biens anciens \u00e0 vendre \u00e0 Bordeaux : maisons de caract\u00e8re, appartements anciens et biens de charme dans les quartiers les plus recherch\u00e9s.","breadcrumb":{"@id":"https:\/\/depierreenpierre.fr\/biens-anciens-a-bordeaux\/#breadcrumb"},"inLanguage":"en-US","potentialAction":[{"@type":"ReadAction","target":["https:\/\/depierreenpierre.fr\/biens-anciens-a-bordeaux\/"]}]},{"@type":"BreadcrumbList","@id":"https:\/\/depierreenpierre.fr\/biens-anciens-a-bordeaux\/#breadcrumb","itemListElement":[{"@type":"ListItem","position":1,"name":"Accueil","item":"https:\/\/depierreenpierre.fr\/"},{"@type":"ListItem","position":2,"name":"Biens anciens \u00e0 Bordeaux"}]},{"@type":"WebSite","@id":"https:\/\/depierreenpierre.fr\/#website","url":"https:\/\/depierreenpierre.fr\/","name":"depierreenpierre.fr","description":"Plateforme d&#039;annonces immobili\u00e8res sp\u00e9cialis\u00e9e en biens anciens","publisher":{"@id":"https:\/\/depierreenpierre.fr\/#organization"},"potentialAction":[{"@type":"SearchAction","target":{"@type":"EntryPoint","urlTemplate":"https:\/\/depierreenpierre.fr\/?s={search_term_string}"},"query-input":{"@type":"PropertyValueSpecification","valueRequired":true,"valueName":"search_term_string"}}],"inLanguage":"en-US"},{"@type":"Organization","@id":"https:\/\/depierreenpierre.fr\/#organization","name":"depierreenpierre.fr","url":"https:\/\/depierreenpierre.fr\/","logo":{"@type":"ImageObject","inLanguage":"en-US","@id":"https:\/\/depierreenpierre.fr\/#\/schema\/logo\/image\/","url":"https:\/\/depierreenpierre.fr\/wp-content\/uploads\/2025\/10\/Gemini_Generated_Image_onwkifonwkifonwk.png","contentUrl":"https:\/\/depierreenpierre.fr\/wp-content\/uploads\/2025\/10\/Gemini_Generated_Image_onwkifonwkifonwk.png","width":1024,"height":1024,"caption":"depierreenpierre.fr"},"image":{"@id":"https:\/\/depierreenpierre.fr\/#\/schema\/logo\/image\/"},"sameAs":["https:\/\/www.instagram.com\/depierreenpierre\/"]}]}},"_links":{"self":[{"href":"https:\/\/depierreenpierre.fr\/en\/wp-json\/wp\/v2\/pages\/20437","targetHints":{"allow":["GET"]}}],"collection":[{"href":"https:\/\/depierreenpierre.fr\/en\/wp-json\/wp\/v2\/pages"}],"about":[{"href":"https:\/\/depierreenpierre.fr\/en\/wp-json\/wp\/v2\/types\/page"}],"author":[{"embeddable":true,"href":"https:\/\/depierreenpierre.fr\/en\/wp-json\/wp\/v2\/users\/4"}],"replies":[{"embeddable":true,"href":"https:\/\/depierreenpierre.fr\/en\/wp-json\/wp\/v2\/comments?post=20437"}],"version-history":[{"count":7,"href":"https:\/\/depierreenpierre.fr\/en\/wp-json\/wp\/v2\/pages\/20437\/revisions"}],"predecessor-version":[{"id":20965,"href":"https:\/\/depierreenpierre.fr\/en\/wp-json\/wp\/v2\/pages\/20437\/revisions\/20965"}],"wp:attachment":[{"href":"https:\/\/depierreenpierre.fr\/en\/wp-json\/wp\/v2\/media?parent=20437"}],"curies":[{"name":"wp","href":"https:\/\/api.w.org\/{rel}","templated":true}]}}