{"id":20527,"date":"2025-12-28T09:11:17","date_gmt":"2025-12-28T09:11:17","guid":{"rendered":"https:\/\/depierreenpierre.fr\/biens-anciens-a-rennes-2\/"},"modified":"2026-03-25T14:10:20","modified_gmt":"2026-03-25T14:10:20","slug":"maison-pierre-rennes","status":"publish","type":"page","link":"https:\/\/depierreenpierre.fr\/en\/maison-pierre-rennes\/","title":{"rendered":"Biens anciens \u00e0 Rennes"},"content":{"rendered":"<div data-elementor-type=\"wp-page\" data-elementor-id=\"20527\" class=\"elementor elementor-20527\">\n\t\t\t\t<div class=\"elementor-element elementor-element-8be7bfb e-flex e-con-boxed e-con e-parent\" data-id=\"8be7bfb\" data-element_type=\"container\" data-settings=\"{&quot;background_background&quot;:&quot;classic&quot;}\">\n\t\t\t\t\t<div class=\"e-con-inner\">\n\t\t<div class=\"elementor-element elementor-element-cecf562 e-con-full e-flex e-con e-child\" data-id=\"cecf562\" data-element_type=\"container\">\n\t\t<div class=\"elementor-element elementor-element-84bcfa8 e-con-full e-flex e-con e-child\" data-id=\"84bcfa8\" data-element_type=\"container\">\n\t\t<div class=\"elementor-element elementor-element-2314a91 e-con-full e-flex e-con e-child\" data-id=\"2314a91\" data-element_type=\"container\">\n\t\t\t\t<div class=\"elementor-element elementor-element-18ed310 animated-fast elementor-invisible elementor-widget elementor-widget-heading\" data-id=\"18ed310\" data-element_type=\"widget\" data-settings=\"{&quot;_animation&quot;:&quot;fadeInUp&quot;}\" data-widget_type=\"heading.default\">\n\t\t\t\t\t<h2 class=\"elementor-heading-title elementor-size-default\">Maisons en pierre \u00e0 vendre \u00e0 Rennes<\/h2>\t\t\t\t<\/div>\n\t\t\t\t<div class=\"elementor-element elementor-element-c9aae6d elementor-widget elementor-widget-image\" data-id=\"c9aae6d\" data-element_type=\"widget\" data-widget_type=\"image.default\">\n\t\t\t\t\t\t\t\t\t\t\t\t\t\t\t<img decoding=\"async\" src=\"https:\/\/depierreenpierre.fr\/wp-content\/uploads\/elementor\/thumbs\/partir-vivre-rennes-Ambiance_Terrasse_Destination_Rennes_JM_17-rl7y5ay1gxi5d1fkwz85ubkhlfva90c4dm30i31pc8.jpg\" title=\"Place Sainte Anne \u00e0 Rennes.\" alt=\"Place Sainte Anne \u00e0 Rennes.\" loading=\"lazy\" \/>\t\t\t\t\t\t\t\t\t\t\t\t\t\t\t<\/div>\n\t\t\t\t<\/div>\n\t\t<div class=\"elementor-element elementor-element-d2b5b03 e-con-full e-flex e-con e-child\" data-id=\"d2b5b03\" data-element_type=\"container\">\n\t\t\t\t<div class=\"elementor-element elementor-element-876a6bf animated-fast elementor-invisible elementor-widget elementor-widget-text-editor\" data-id=\"876a6bf\" data-element_type=\"widget\" data-settings=\"{&quot;_animation&quot;:&quot;fadeInUp&quot;,&quot;_animation_delay&quot;:200}\" data-widget_type=\"text-editor.default\">\n\t\t\t\t\t\t\t\t\t<h2 data-section-id=\"1or3i04\" data-start=\"761\" data-end=\"825\">Maisons en pierre \u00e0 Rennes : charme breton et dynamisme urbain<\/h2><p data-start=\"827\" data-end=\"1142\">Situ\u00e9e en r\u00e9gion <span class=\"hover:entity-accent entity-underline inline cursor-pointer align-baseline\"><span class=\"whitespace-normal\">Bretagne<\/span><\/span>, la ville de <span class=\"hover:entity-accent entity-underline inline cursor-pointer align-baseline\"><span class=\"whitespace-normal\">Rennes<\/span><\/span> est l\u2019une des m\u00e9tropoles les plus attractives de l\u2019ouest de la France. Acheter une maison en pierre \u00e0 Rennes permet de profiter d\u2019un cadre de vie dynamique tout en b\u00e9n\u00e9ficiant du charme de l\u2019immobilier ancien.<\/p><p data-start=\"1144\" data-end=\"1460\">Rennes poss\u00e8de un patrimoine architectural riche, notamment dans son centre historique. La ville est c\u00e9l\u00e8bre pour ses maisons anciennes, ses b\u00e2timents en pierre et ses constructions \u00e0 colombages. Les maisons en pierre, bien que plus rares en centre-ville, sont tr\u00e8s recherch\u00e9es pour leur authenticit\u00e9 et leur cachet.<\/p><p data-start=\"1462\" data-end=\"1860\">Dans les quartiers anciens et les communes proches de Rennes, on trouve des maisons de caract\u00e8re construites en pierre locale, souvent en granit. Ces habitations offrent un style typiquement breton avec des fa\u00e7ades robustes, des volumes g\u00e9n\u00e9reux et un charme intemporel. Elles s\u00e9duisent les acqu\u00e9reurs \u00e0 la recherche d\u2019un bien unique, que ce soit pour une r\u00e9sidence principale ou un investissement.<\/p><p data-start=\"1862\" data-end=\"2089\">Rennes b\u00e9n\u00e9ficie d\u2019un cadre de vie particuli\u00e8rement agr\u00e9able. La ville combine dynamisme \u00e9conomique, vie culturelle riche et nombreux espaces verts. Elle attire de nombreux habitants gr\u00e2ce \u00e0 son \u00e9quilibre entre ville et nature.<\/p><p data-start=\"2091\" data-end=\"2406\">Le march\u00e9 immobilier \u00e0 Rennes est dynamique et en constante \u00e9volution. La demande pour les maisons en pierre reste forte, notamment dans les secteurs pris\u00e9s et les communes p\u00e9riph\u00e9riques. Les biens de caract\u00e8re sont particuli\u00e8rement recherch\u00e9s et peuvent repr\u00e9senter un investissement int\u00e9ressant sur le long terme.<\/p><p data-start=\"2408\" data-end=\"2637\">Les environs de Rennes offrent \u00e9galement de nombreuses opportunit\u00e9s. Les villages et les petites communes d\u2019Ille-et-Vilaine proposent davantage de maisons en pierre, souvent avec des terrains plus spacieux et un cadre plus calme.<\/p><p data-start=\"2639\" data-end=\"2899\">Acheter une maison en pierre \u00e0 Rennes permet ainsi de combiner charme de l\u2019ancien, qualit\u00e9 de vie et dynamisme urbain. Parcourez nos annonces de maisons en pierre \u00e0 Rennes et d\u00e9couvrez les biens de caract\u00e8re disponibles dans cette ville attractive de Bretagne.<\/p>\t\t\t\t\t\t\t\t<\/div>\n\t\t\t\t<div class=\"elementor-element elementor-element-b545b32 elementor-widget-divider--view-line_icon animated-fast elementor-view-default elementor-widget-divider--element-align-center elementor-invisible elementor-widget elementor-widget-divider\" data-id=\"b545b32\" data-element_type=\"widget\" data-settings=\"{&quot;_animation&quot;:&quot;fadeInUp&quot;}\" data-widget_type=\"divider.default\">\n\t\t\t\t\t\t\t<div class=\"elementor-divider\">\n\t\t\t<span class=\"elementor-divider-separator\">\n\t\t\t\t\t\t\t<div class=\"elementor-icon elementor-divider__element\">\n\t\t\t\t\t<\/div>\n\t\t\t\t\t\t<\/span>\n\t\t<\/div>\n\t\t\t\t\t\t<\/div>\n\t\t<div class=\"elementor-element elementor-element-96ecf75 e-con-full e-flex e-con e-child\" data-id=\"96ecf75\" data-element_type=\"container\">\n\t\t<div class=\"elementor-element elementor-element-d3f047d e-con-full e-flex e-con e-child\" data-id=\"d3f047d\" data-element_type=\"container\">\n\t\t\t\t<div class=\"elementor-element elementor-element-0891039 animated-fast elementor-invisible elementor-widget elementor-widget-heading\" data-id=\"0891039\" data-element_type=\"widget\" data-settings=\"{&quot;_animation&quot;:&quot;fadeInUp&quot;}\" data-widget_type=\"heading.default\">\n\t\t\t\t\t<h2 class=\"elementor-heading-title elementor-size-default\">Le charme de nos villes<\/h2>\t\t\t\t<\/div>\n\t\t\t\t<div class=\"elementor-element elementor-element-ab1dc6e animated-fast elementor-invisible elementor-widget elementor-widget-heading\" data-id=\"ab1dc6e\" data-element_type=\"widget\" data-settings=\"{&quot;_animation&quot;:&quot;fadeInUp&quot;,&quot;_animation_delay&quot;:200}\" data-widget_type=\"heading.default\">\n\t\t\t\t\t<h2 class=\"elementor-heading-title elementor-size-default\">Retrouvez les plus belles maisons en vente  de votre ville<\/h2>\t\t\t\t<\/div>\n\t\t\t\t<\/div>\n\t\t\t\t<\/div>\n\t\t\t\t<\/div>\n\t\t\t\t<\/div>\n\t\t\t\t<\/div>\n\t\t\t\t\t<\/div>\n\t\t\t\t<\/div>\n\t\t<div class=\"elementor-element elementor-element-48beb9d e-flex e-con-boxed e-con e-parent\" data-id=\"48beb9d\" data-element_type=\"container\">\n\t\t\t\t\t<div class=\"e-con-inner\">\n\t\t\t\t<div class=\"elementor-element elementor-element-91f9b76 elementor-widget elementor-widget-houzez_elementor_properties_carousel_v2\" data-id=\"91f9b76\" data-element_type=\"widget\" data-widget_type=\"houzez_elementor_properties_carousel_v2.default\">\n\t\t\t\t<div class=\"elementor-widget-container\">\n\t\t\t\t\t        <div class=\"property-carousel-module property-carousel-module-v1 property-carousel-module-v1-3cols houzez-carousel-arrows-4ZgRL\">\n            <div class=\"property-carousel-buttons-wrap\">\n                                <button type=\"button\" class=\"slick-prev-js-4ZgRL slick-prev btn-primary-outlined\">Prev<\/button>\n                <button type=\"button\" class=\"slick-next-js-4ZgRL slick-next btn-primary-outlined\">Next<\/button>\n                                            <\/div><!-- property-carousel-buttons-wrap -->\n\n            <div class=\"listing-view grid-view\">\n                <div id=\"houzez-properties-carousel-4ZgRL\" data-token=\"4ZgRL\" class=\"houzez-properties-carousel-js houzez-all-slider-wrap property-carousel-wrap-v1-3cols\">\n                                    <\/div><!-- carousel-wrap -->\n            <\/div><!-- listing-view grid-view -->\n            \n                    <\/div><!-- property-carousel-module -->\n        \t\t\t\t<\/div>\n\t\t\t\t<\/div>\n\t\t\t\t\t<\/div>\n\t\t\t\t<\/div>\n\t\t<div class=\"elementor-element elementor-element-91431a4 e-flex e-con-boxed e-con e-parent\" data-id=\"91431a4\" data-element_type=\"container\">\n\t\t\t\t\t<div class=\"e-con-inner\">\n\t\t\t\t<div class=\"elementor-element elementor-element-ffcdb9c elementor-widget-divider--view-line_icon animated-fast elementor-view-default elementor-widget-divider--element-align-center elementor-invisible elementor-widget elementor-widget-divider\" data-id=\"ffcdb9c\" data-element_type=\"widget\" data-settings=\"{&quot;_animation&quot;:&quot;fadeInUp&quot;}\" data-widget_type=\"divider.default\">\n\t\t\t\t\t\t\t<div class=\"elementor-divider\">\n\t\t\t<span class=\"elementor-divider-separator\">\n\t\t\t\t\t\t\t<div class=\"elementor-icon elementor-divider__element\">\n\t\t\t\t\t<\/div>\n\t\t\t\t\t\t<\/span>\n\t\t<\/div>\n\t\t\t\t\t\t<\/div>\n\t\t\t\t\t<\/div>\n\t\t\t\t<\/div>\n\t\t<div class=\"elementor-element elementor-element-0343008 e-flex e-con-boxed e-con e-parent\" data-id=\"0343008\" data-element_type=\"container\">\n\t\t\t\t\t<div class=\"e-con-inner\">\n\t\t\t\t<div class=\"elementor-element elementor-element-777e2ea animated-fast elementor-invisible elementor-widget elementor-widget-heading\" data-id=\"777e2ea\" data-element_type=\"widget\" data-settings=\"{&quot;_animation&quot;:&quot;fadeInUp&quot;}\" data-widget_type=\"heading.default\">\n\t\t\t\t\t<h2 class=\"elementor-heading-title elementor-size-default\">Quartiers recherch\u00e9s pour l\u2019immobilier ancien \u00e0 Rennes<\/h2>\t\t\t\t<\/div>\n\t\t\t\t\t<\/div>\n\t\t\t\t<\/div>\n\t\t<div class=\"elementor-element elementor-element-488f8bb e-flex e-con-boxed e-con e-parent\" data-id=\"488f8bb\" data-element_type=\"container\">\n\t\t\t\t\t<div class=\"e-con-inner\">\n\t\t\t\t<div class=\"elementor-element elementor-element-5904fa9 elementor-widget elementor-widget-text-editor\" data-id=\"5904fa9\" data-element_type=\"widget\" data-widget_type=\"text-editor.default\">\n\t\t\t\t\t\t\t\t\t<p data-start=\"2251\" data-end=\"2375\">Rennes dispose de nombreux quartiers pris\u00e9s pour l\u2019achat de biens anciens. Parmi les secteurs les plus recherch\u00e9s figurent :<\/p><p data-start=\"2379\" data-end=\"2468\"><strong data-start=\"2379\" data-end=\"2403\">Le centre historique<\/strong>, appr\u00e9ci\u00e9 pour ses immeubles anciens et son charme patrimonial<\/p><p data-start=\"2471\" data-end=\"2567\"><strong data-start=\"2471\" data-end=\"2496\">Thabor \u2013 Saint-H\u00e9lier<\/strong>, recherch\u00e9 pour son cadre r\u00e9sidentiel et sa proximit\u00e9 avec le centre<\/p><p data-start=\"2570\" data-end=\"2662\"><strong data-start=\"2570\" data-end=\"2600\">Bourg-l\u2019\u00c9v\u00eaque \u2013 La Touche<\/strong>, attractif pour sa qualit\u00e9 de vie et ses biens de caract\u00e8re<\/p><p data-start=\"2665\" data-end=\"2737\"><strong data-start=\"2665\" data-end=\"2696\">Jeanne d\u2019Arc \u2013 Longs Champs<\/strong>, pris\u00e9 pour son environnement familial<\/p><p data-start=\"2740\" data-end=\"2839\"><strong data-start=\"2740\" data-end=\"2751\">Cleunay<\/strong>, quartier en d\u00e9veloppement offrant des opportunit\u00e9s int\u00e9ressantes pour l\u2019investissement<\/p><p data-start=\"2841\" data-end=\"2967\">Certains secteurs p\u00e9riph\u00e9riques offrent \u00e9galement des opportunit\u00e9s int\u00e9ressantes pour les biens \u00e0 r\u00e9nover ou \u00e0 fort potentiel.<\/p>\t\t\t\t\t\t\t\t<\/div>\n\t\t\t\t\t<\/div>\n\t\t\t\t<\/div>\n\t\t\t\t<\/div>","protected":false},"excerpt":{"rendered":"<p>Maisons en pierre \u00e0 vendre \u00e0 Rennes Maisons en pierre \u00e0 Rennes : charme breton et dynamisme urbain Situ\u00e9e en r\u00e9gion Bretagne, la ville de Rennes est l\u2019une des m\u00e9tropoles les plus attractives de l\u2019ouest de la France. Acheter une maison en pierre \u00e0 Rennes permet de profiter d\u2019un cadre de vie dynamique tout en [&hellip;]<\/p>","protected":false},"author":4,"featured_media":0,"parent":0,"menu_order":23,"comment_status":"closed","ping_status":"closed","template":"elementor_header_footer","meta":{"content-type":"","footnotes":""},"class_list":["post-20527","page","type-page","status-publish","hentry"],"yoast_head":"<!-- This site is optimized with the Yoast SEO plugin v26.8 - https:\/\/yoast.com\/product\/yoast-seo-wordpress\/ -->\n<title>Maison en pierre \u00e0 Rennes \u00e0 vendre | Annonces immobili\u00e8res de caract\u00e8re<\/title>\n<meta name=\"description\" content=\"D\u00e9couvrez nos annonces de maisons en pierre \u00e0 Rennes : maisons anciennes, demeures de caract\u00e8re et biens de charme en Ille-et-Vilaine.\" \/>\n<meta name=\"robots\" content=\"index, follow, max-snippet:-1, max-image-preview:large, max-video-preview:-1\" \/>\n<link rel=\"canonical\" href=\"https:\/\/depierreenpierre.fr\/en\/maison-pierre-rennes\/\" \/>\n<meta property=\"og:locale\" content=\"en_US\" \/>\n<meta property=\"og:type\" content=\"article\" \/>\n<meta property=\"og:title\" content=\"Maison en pierre \u00e0 Rennes \u00e0 vendre | Annonces immobili\u00e8res de caract\u00e8re\" \/>\n<meta property=\"og:description\" content=\"D\u00e9couvrez nos annonces de maisons en pierre \u00e0 Rennes : maisons anciennes, demeures de caract\u00e8re et biens de charme en Ille-et-Vilaine.\" \/>\n<meta property=\"og:url\" content=\"https:\/\/depierreenpierre.fr\/en\/maison-pierre-rennes\/\" \/>\n<meta property=\"og:site_name\" content=\"depierreenpierre.fr\" \/>\n<meta property=\"article:modified_time\" content=\"2026-03-25T14:10:20+00:00\" \/>\n<meta property=\"og:image\" content=\"https:\/\/depierreenpierre.fr\/wp-content\/uploads\/elementor\/thumbs\/partir-vivre-rennes-Ambiance_Terrasse_Destination_Rennes_JM_17-rl13b1ggp6vnhn85gcbhz8lrt14ptjhiaoxdv5q2dk.jpg\" \/>\n<meta name=\"twitter:card\" content=\"summary_large_image\" \/>\n<meta name=\"twitter:label1\" content=\"Est. reading time\" \/>\n\t<meta name=\"twitter:data1\" content=\"1 minute\" \/>\n<script type=\"application\/ld+json\" class=\"yoast-schema-graph\">{\"@context\":\"https:\/\/schema.org\",\"@graph\":[{\"@type\":\"WebPage\",\"@id\":\"https:\/\/depierreenpierre.fr\/maison-pierre-rennes\/\",\"url\":\"https:\/\/depierreenpierre.fr\/maison-pierre-rennes\/\",\"name\":\"Maison en pierre \u00e0 Rennes \u00e0 vendre | Annonces immobili\u00e8res de caract\u00e8re\",\"isPartOf\":{\"@id\":\"https:\/\/depierreenpierre.fr\/#website\"},\"primaryImageOfPage\":{\"@id\":\"https:\/\/depierreenpierre.fr\/maison-pierre-rennes\/#primaryimage\"},\"image\":{\"@id\":\"https:\/\/depierreenpierre.fr\/maison-pierre-rennes\/#primaryimage\"},\"thumbnailUrl\":\"https:\/\/depierreenpierre.fr\/wp-content\/uploads\/elementor\/thumbs\/partir-vivre-rennes-Ambiance_Terrasse_Destination_Rennes_JM_17-rl13b1ggp6vnhn85gcbhz8lrt14ptjhiaoxdv5q2dk.jpg\",\"datePublished\":\"2025-12-28T09:11:17+00:00\",\"dateModified\":\"2026-03-25T14:10:20+00:00\",\"description\":\"D\u00e9couvrez nos annonces de maisons en pierre \u00e0 Rennes : maisons anciennes, demeures de caract\u00e8re et biens de charme en Ille-et-Vilaine.\",\"breadcrumb\":{\"@id\":\"https:\/\/depierreenpierre.fr\/maison-pierre-rennes\/#breadcrumb\"},\"inLanguage\":\"en-US\",\"potentialAction\":[{\"@type\":\"ReadAction\",\"target\":[\"https:\/\/depierreenpierre.fr\/maison-pierre-rennes\/\"]}]},{\"@type\":\"ImageObject\",\"inLanguage\":\"en-US\",\"@id\":\"https:\/\/depierreenpierre.fr\/maison-pierre-rennes\/#primaryimage\",\"url\":\"https:\/\/depierreenpierre.fr\/wp-content\/uploads\/elementor\/thumbs\/partir-vivre-rennes-Ambiance_Terrasse_Destination_Rennes_JM_17-rl13b1ggp6vnhn85gcbhz8lrt14ptjhiaoxdv5q2dk.jpg\",\"contentUrl\":\"https:\/\/depierreenpierre.fr\/wp-content\/uploads\/elementor\/thumbs\/partir-vivre-rennes-Ambiance_Terrasse_Destination_Rennes_JM_17-rl13b1ggp6vnhn85gcbhz8lrt14ptjhiaoxdv5q2dk.jpg\"},{\"@type\":\"BreadcrumbList\",\"@id\":\"https:\/\/depierreenpierre.fr\/maison-pierre-rennes\/#breadcrumb\",\"itemListElement\":[{\"@type\":\"ListItem\",\"position\":1,\"name\":\"Accueil\",\"item\":\"https:\/\/depierreenpierre.fr\/\"},{\"@type\":\"ListItem\",\"position\":2,\"name\":\"Biens anciens \u00e0 Rennes\"}]},{\"@type\":\"WebSite\",\"@id\":\"https:\/\/depierreenpierre.fr\/#website\",\"url\":\"https:\/\/depierreenpierre.fr\/\",\"name\":\"depierreenpierre.fr\",\"description\":\"Plateforme d&#039;annonces immobili\u00e8res sp\u00e9cialis\u00e9e en biens anciens\",\"publisher\":{\"@id\":\"https:\/\/depierreenpierre.fr\/#organization\"},\"potentialAction\":[{\"@type\":\"SearchAction\",\"target\":{\"@type\":\"EntryPoint\",\"urlTemplate\":\"https:\/\/depierreenpierre.fr\/?s={search_term_string}\"},\"query-input\":{\"@type\":\"PropertyValueSpecification\",\"valueRequired\":true,\"valueName\":\"search_term_string\"}}],\"inLanguage\":\"en-US\"},{\"@type\":\"Organization\",\"@id\":\"https:\/\/depierreenpierre.fr\/#organization\",\"name\":\"depierreenpierre.fr\",\"url\":\"https:\/\/depierreenpierre.fr\/\",\"logo\":{\"@type\":\"ImageObject\",\"inLanguage\":\"en-US\",\"@id\":\"https:\/\/depierreenpierre.fr\/#\/schema\/logo\/image\/\",\"url\":\"https:\/\/depierreenpierre.fr\/wp-content\/uploads\/2025\/10\/Gemini_Generated_Image_onwkifonwkifonwk.png\",\"contentUrl\":\"https:\/\/depierreenpierre.fr\/wp-content\/uploads\/2025\/10\/Gemini_Generated_Image_onwkifonwkifonwk.png\",\"width\":1024,\"height\":1024,\"caption\":\"depierreenpierre.fr\"},\"image\":{\"@id\":\"https:\/\/depierreenpierre.fr\/#\/schema\/logo\/image\/\"},\"sameAs\":[\"https:\/\/www.instagram.com\/depierreenpierre\/\"]}]}<\/script>\n<!-- \/ Yoast SEO plugin. -->","yoast_head_json":{"title":"Maison en pierre \u00e0 Rennes \u00e0 vendre | Annonces immobili\u00e8res de caract\u00e8re","description":"D\u00e9couvrez nos annonces de maisons en pierre \u00e0 Rennes : maisons anciennes, demeures de caract\u00e8re et biens de charme en Ille-et-Vilaine.","robots":{"index":"index","follow":"follow","max-snippet":"max-snippet:-1","max-image-preview":"max-image-preview:large","max-video-preview":"max-video-preview:-1"},"canonical":"https:\/\/depierreenpierre.fr\/en\/maison-pierre-rennes\/","og_locale":"en_US","og_type":"article","og_title":"Maison en pierre \u00e0 Rennes \u00e0 vendre | Annonces immobili\u00e8res de caract\u00e8re","og_description":"D\u00e9couvrez nos annonces de maisons en pierre \u00e0 Rennes : maisons anciennes, demeures de caract\u00e8re et biens de charme en Ille-et-Vilaine.","og_url":"https:\/\/depierreenpierre.fr\/en\/maison-pierre-rennes\/","og_site_name":"depierreenpierre.fr","article_modified_time":"2026-03-25T14:10:20+00:00","og_image":[{"url":"https:\/\/depierreenpierre.fr\/wp-content\/uploads\/elementor\/thumbs\/partir-vivre-rennes-Ambiance_Terrasse_Destination_Rennes_JM_17-rl13b1ggp6vnhn85gcbhz8lrt14ptjhiaoxdv5q2dk.jpg","type":"","width":"","height":""}],"twitter_card":"summary_large_image","twitter_misc":{"Est. reading time":"1 minute"},"schema":{"@context":"https:\/\/schema.org","@graph":[{"@type":"WebPage","@id":"https:\/\/depierreenpierre.fr\/maison-pierre-rennes\/","url":"https:\/\/depierreenpierre.fr\/maison-pierre-rennes\/","name":"Maison en pierre \u00e0 Rennes \u00e0 vendre | Annonces immobili\u00e8res de caract\u00e8re","isPartOf":{"@id":"https:\/\/depierreenpierre.fr\/#website"},"primaryImageOfPage":{"@id":"https:\/\/depierreenpierre.fr\/maison-pierre-rennes\/#primaryimage"},"image":{"@id":"https:\/\/depierreenpierre.fr\/maison-pierre-rennes\/#primaryimage"},"thumbnailUrl":"https:\/\/depierreenpierre.fr\/wp-content\/uploads\/elementor\/thumbs\/partir-vivre-rennes-Ambiance_Terrasse_Destination_Rennes_JM_17-rl13b1ggp6vnhn85gcbhz8lrt14ptjhiaoxdv5q2dk.jpg","datePublished":"2025-12-28T09:11:17+00:00","dateModified":"2026-03-25T14:10:20+00:00","description":"D\u00e9couvrez nos annonces de maisons en pierre \u00e0 Rennes : maisons anciennes, demeures de caract\u00e8re et biens de charme en Ille-et-Vilaine.","breadcrumb":{"@id":"https:\/\/depierreenpierre.fr\/maison-pierre-rennes\/#breadcrumb"},"inLanguage":"en-US","potentialAction":[{"@type":"ReadAction","target":["https:\/\/depierreenpierre.fr\/maison-pierre-rennes\/"]}]},{"@type":"ImageObject","inLanguage":"en-US","@id":"https:\/\/depierreenpierre.fr\/maison-pierre-rennes\/#primaryimage","url":"https:\/\/depierreenpierre.fr\/wp-content\/uploads\/elementor\/thumbs\/partir-vivre-rennes-Ambiance_Terrasse_Destination_Rennes_JM_17-rl13b1ggp6vnhn85gcbhz8lrt14ptjhiaoxdv5q2dk.jpg","contentUrl":"https:\/\/depierreenpierre.fr\/wp-content\/uploads\/elementor\/thumbs\/partir-vivre-rennes-Ambiance_Terrasse_Destination_Rennes_JM_17-rl13b1ggp6vnhn85gcbhz8lrt14ptjhiaoxdv5q2dk.jpg"},{"@type":"BreadcrumbList","@id":"https:\/\/depierreenpierre.fr\/maison-pierre-rennes\/#breadcrumb","itemListElement":[{"@type":"ListItem","position":1,"name":"Accueil","item":"https:\/\/depierreenpierre.fr\/"},{"@type":"ListItem","position":2,"name":"Biens anciens \u00e0 Rennes"}]},{"@type":"WebSite","@id":"https:\/\/depierreenpierre.fr\/#website","url":"https:\/\/depierreenpierre.fr\/","name":"depierreenpierre.fr","description":"Plateforme d&#039;annonces immobili\u00e8res sp\u00e9cialis\u00e9e en biens anciens","publisher":{"@id":"https:\/\/depierreenpierre.fr\/#organization"},"potentialAction":[{"@type":"SearchAction","target":{"@type":"EntryPoint","urlTemplate":"https:\/\/depierreenpierre.fr\/?s={search_term_string}"},"query-input":{"@type":"PropertyValueSpecification","valueRequired":true,"valueName":"search_term_string"}}],"inLanguage":"en-US"},{"@type":"Organization","@id":"https:\/\/depierreenpierre.fr\/#organization","name":"depierreenpierre.fr","url":"https:\/\/depierreenpierre.fr\/","logo":{"@type":"ImageObject","inLanguage":"en-US","@id":"https:\/\/depierreenpierre.fr\/#\/schema\/logo\/image\/","url":"https:\/\/depierreenpierre.fr\/wp-content\/uploads\/2025\/10\/Gemini_Generated_Image_onwkifonwkifonwk.png","contentUrl":"https:\/\/depierreenpierre.fr\/wp-content\/uploads\/2025\/10\/Gemini_Generated_Image_onwkifonwkifonwk.png","width":1024,"height":1024,"caption":"depierreenpierre.fr"},"image":{"@id":"https:\/\/depierreenpierre.fr\/#\/schema\/logo\/image\/"},"sameAs":["https:\/\/www.instagram.com\/depierreenpierre\/"]}]}},"_links":{"self":[{"href":"https:\/\/depierreenpierre.fr\/en\/wp-json\/wp\/v2\/pages\/20527","targetHints":{"allow":["GET"]}}],"collection":[{"href":"https:\/\/depierreenpierre.fr\/en\/wp-json\/wp\/v2\/pages"}],"about":[{"href":"https:\/\/depierreenpierre.fr\/en\/wp-json\/wp\/v2\/types\/page"}],"author":[{"embeddable":true,"href":"https:\/\/depierreenpierre.fr\/en\/wp-json\/wp\/v2\/users\/4"}],"replies":[{"embeddable":true,"href":"https:\/\/depierreenpierre.fr\/en\/wp-json\/wp\/v2\/comments?post=20527"}],"version-history":[{"count":10,"href":"https:\/\/depierreenpierre.fr\/en\/wp-json\/wp\/v2\/pages\/20527\/revisions"}],"predecessor-version":[{"id":23932,"href":"https:\/\/depierreenpierre.fr\/en\/wp-json\/wp\/v2\/pages\/20527\/revisions\/23932"}],"wp:attachment":[{"href":"https:\/\/depierreenpierre.fr\/en\/wp-json\/wp\/v2\/media?parent=20527"}],"curies":[{"name":"wp","href":"https:\/\/api.w.org\/{rel}","templated":true}]}}