{"id":20561,"date":"2025-12-28T16:37:28","date_gmt":"2025-12-28T16:37:28","guid":{"rendered":"https:\/\/depierreenpierre.fr\/biens-anciens-a-montpellier-2\/"},"modified":"2026-01-08T16:15:10","modified_gmt":"2026-01-08T16:15:10","slug":"biens-anciens-a-montpellier","status":"publish","type":"page","link":"https:\/\/depierreenpierre.fr\/en\/biens-anciens-a-montpellier\/","title":{"rendered":"Biens anciens \u00e0 Montpellier"},"content":{"rendered":"<div data-elementor-type=\"wp-page\" data-elementor-id=\"20561\" class=\"elementor elementor-20561\">\n\t\t\t\t<div class=\"elementor-element elementor-element-428121b e-flex e-con-boxed e-con e-parent\" data-id=\"428121b\" data-element_type=\"container\">\n\t\t\t\t\t<div class=\"e-con-inner\">\n\t\t\t\t<div class=\"elementor-element elementor-element-76c7ce1 elementor-widget elementor-widget-heading\" data-id=\"76c7ce1\" data-element_type=\"widget\" data-widget_type=\"heading.default\">\n\t\t\t\t\t<h1 class=\"elementor-heading-title elementor-size-default\">Biens anciens \u00e0 vendre \u00e0 Montpellier\n<\/h1>\t\t\t\t<\/div>\n\t\t\t\t\t<\/div>\n\t\t\t\t<\/div>\n\t\t<div class=\"elementor-element elementor-element-539dbe7 e-flex e-con-boxed e-con e-parent\" data-id=\"539dbe7\" data-element_type=\"container\">\n\t\t\t\t\t<div class=\"e-con-inner\">\n\t\t\t\t<div class=\"elementor-element elementor-element-3b5fedd elementor-widget elementor-widget-text-editor\" data-id=\"3b5fedd\" data-element_type=\"widget\" data-widget_type=\"text-editor.default\">\n\t\t\t\t\t\t\t\t\t<p data-start=\"205\" data-end=\"403\">D\u00e9couvrez notre s\u00e9lection de biens anciens \u00e0 vendre \u00e0 Montpellier, m\u00e9tropole dynamique du sud de la France, reconnue pour son patrimoine historique, sa qualit\u00e9 de vie et son attractivit\u00e9 \u00e9conomique.<\/p><p data-start=\"405\" data-end=\"695\">Appartements anciens, maisons de caract\u00e8re, immeubles de charme ou biens \u00e0 r\u00e9nover : notre plateforme r\u00e9f\u00e9rence des annonces immobili\u00e8res soigneusement s\u00e9lectionn\u00e9es \u00e0 Montpellier et dans ses quartiers les plus recherch\u00e9s comme l\u2019\u00c9cusson, les Beaux-Arts, Boutonnet, Antigone ou Aiguelongue.<\/p><p data-start=\"697\" data-end=\"934\">Investir dans un bien ancien \u00e0 Montpellier, c\u2019est faire le choix d\u2019un march\u00e9 immobilier attractif, port\u00e9 par une forte demande locative, une population \u00e9tudiante importante et un cadre de vie recherch\u00e9 entre M\u00e9diterran\u00e9e et arri\u00e8re-pays.<\/p>\t\t\t\t\t\t\t\t<\/div>\n\t\t\t\t\t<\/div>\n\t\t\t\t<\/div>\n\t\t<div class=\"elementor-element elementor-element-5f5f996 e-flex e-con-boxed e-con e-parent\" data-id=\"5f5f996\" data-element_type=\"container\">\n\t\t\t\t\t<div class=\"e-con-inner\">\n\t\t\t\t<div class=\"elementor-element elementor-element-be98eaa elementor-widget elementor-widget-heading\" data-id=\"be98eaa\" data-element_type=\"widget\" data-widget_type=\"heading.default\">\n\t\t\t\t\t<h2 class=\"elementor-heading-title elementor-size-default\">Pourquoi investir dans un bien ancien \u00e0 Montpellier ?<\/h2>\t\t\t\t<\/div>\n\t\t\t\t\t<\/div>\n\t\t\t\t<\/div>\n\t\t<div class=\"elementor-element elementor-element-b779486 e-flex e-con-boxed e-con e-parent\" data-id=\"b779486\" data-element_type=\"container\">\n\t\t\t\t\t<div class=\"e-con-inner\">\n\t\t\t\t<div class=\"elementor-element elementor-element-931a944 elementor-widget elementor-widget-text-editor\" data-id=\"931a944\" data-element_type=\"widget\" data-widget_type=\"text-editor.default\">\n\t\t\t\t\t\t\t\t\t<p data-start=\"1000\" data-end=\"1298\">Investir dans un bien ancien \u00e0 Montpellier repr\u00e9sente une opportunit\u00e9 immobili\u00e8re solide et durable. Ville universitaire majeure et p\u00f4le \u00e9conomique r\u00e9gional, Montpellier attire chaque ann\u00e9e de nouveaux habitants gr\u00e2ce \u00e0 son dynamisme, ses infrastructures, son climat et son attractivit\u00e9 culturelle.<\/p><p data-start=\"1300\" data-end=\"1632\">Le march\u00e9 de l\u2019immobilier ancien \u00e0 Montpellier se distingue par une demande soutenue, tant pour la r\u00e9sidence principale que pour l\u2019investissement locatif. Les biens anciens s\u00e9duisent par leur cachet architectural, leurs volumes, leurs hauteurs sous plafond et leur emplacement dans des quartiers centraux ou r\u00e9sidentiels recherch\u00e9s.<\/p>\t\t\t\t\t\t\t\t<\/div>\n\t\t\t\t\t<\/div>\n\t\t\t\t<\/div>\n\t\t<div class=\"elementor-element elementor-element-974a93e e-flex e-con-boxed e-con e-parent\" data-id=\"974a93e\" data-element_type=\"container\">\n\t\t\t\t\t<div class=\"e-con-inner\">\n\t\t\t\t<div class=\"elementor-element elementor-element-4a061e8 elementor-widget elementor-widget-heading\" data-id=\"4a061e8\" data-element_type=\"widget\" data-widget_type=\"heading.default\">\n\t\t\t\t\t<h2 class=\"elementor-heading-title elementor-size-default\">Nos biens anciens disponibles \u00e0 Montpellier<\/h2>\t\t\t\t<\/div>\n\t\t\t\t\t<\/div>\n\t\t\t\t<\/div>\n\t\t<div class=\"elementor-element elementor-element-78e9f0b e-flex e-con-boxed e-con e-parent\" data-id=\"78e9f0b\" data-element_type=\"container\">\n\t\t\t\t\t<div class=\"e-con-inner\">\n\t\t\t\t<div class=\"elementor-element elementor-element-3ee6ff0 elementor-widget elementor-widget-text-editor\" data-id=\"3ee6ff0\" data-element_type=\"widget\" data-widget_type=\"text-editor.default\">\n\t\t\t\t\t\t\t\t\t<p data-start=\"1688\" data-end=\"1934\">Notre plateforme r\u00e9f\u00e9rence une s\u00e9lection rigoureuse de biens anciens \u00e0 vendre \u00e0 Montpellier, comprenant des appartements anciens, des maisons de caract\u00e8re, des immeubles de rapport et des biens \u00e0 r\u00e9nover offrant un fort potentiel de valorisation.<\/p><p data-start=\"1936\" data-end=\"2128\">Chaque annonce immobili\u00e8re est d\u00e9taill\u00e9e afin de vous permettre d\u2019\u00e9valuer pr\u00e9cis\u00e9ment le potentiel du bien : emplacement, surface, prestations, travaux \u00e9ventuels et opportunit\u00e9s patrimoniales<\/p>\t\t\t\t\t\t\t\t<\/div>\n\t\t\t\t\t<\/div>\n\t\t\t\t<\/div>\n\t\t<div class=\"elementor-element elementor-element-f992808 e-flex e-con-boxed e-con e-parent\" data-id=\"f992808\" data-element_type=\"container\">\n\t\t\t\t\t<div class=\"e-con-inner\">\n\t\t\t\t<div class=\"elementor-element elementor-element-11fcdbb elementor-widget elementor-widget-houzez_elementor_section_title\" data-id=\"11fcdbb\" data-element_type=\"widget\" data-widget_type=\"houzez_elementor_section_title.default\">\n\t\t\t\t<div class=\"elementor-widget-container\">\n\t\t\t\t\t            <div class=\"houzez_section_title_wrap section-title-module\">\n                                    <h2 class=\"houzez_section_title\">Quartiers recherch\u00e9s pour l\u2019immobilier ancien \u00e0 Montpellier<\/h2>\n                \n                            <\/div>\n            \t\t\t\t<\/div>\n\t\t\t\t<\/div>\n\t\t\t\t\t<\/div>\n\t\t\t\t<\/div>\n\t\t<div class=\"elementor-element elementor-element-488f8bb e-flex e-con-boxed e-con e-parent\" data-id=\"488f8bb\" data-element_type=\"container\">\n\t\t\t\t\t<div class=\"e-con-inner\">\n\t\t\t\t<div class=\"elementor-element elementor-element-5904fa9 elementor-widget elementor-widget-text-editor\" data-id=\"5904fa9\" data-element_type=\"widget\" data-widget_type=\"text-editor.default\">\n\t\t\t\t\t\t\t\t\t<p data-start=\"2200\" data-end=\"2329\">Montpellier dispose de nombreux quartiers pris\u00e9s pour l\u2019achat de biens anciens. Parmi les secteurs les plus recherch\u00e9s figurent :<\/p><ul data-start=\"2331\" data-end=\"2717\"><li data-start=\"2331\" data-end=\"2404\"><p data-start=\"2333\" data-end=\"2404\"><strong data-start=\"2333\" data-end=\"2346\">L\u2019\u00c9cusson<\/strong>, centre historique appr\u00e9ci\u00e9 pour son charme patrimonial<\/p><\/li><li data-start=\"2405\" data-end=\"2494\"><p data-start=\"2407\" data-end=\"2494\"><strong data-start=\"2407\" data-end=\"2425\">Les Beaux-Arts<\/strong>, recherch\u00e9s pour leur ambiance village et leurs biens de caract\u00e8re<\/p><\/li><li data-start=\"2495\" data-end=\"2572\"><p data-start=\"2497\" data-end=\"2572\"><strong data-start=\"2497\" data-end=\"2510\">Boutonnet<\/strong>, pris\u00e9 pour son cadre r\u00e9sidentiel et sa proximit\u00e9 du centre<\/p><\/li><li data-start=\"2573\" data-end=\"2647\"><p data-start=\"2575\" data-end=\"2647\"><strong data-start=\"2575\" data-end=\"2587\">Antigone<\/strong>, attractif pour son architecture et son potentiel locatif<\/p><\/li><li data-start=\"2648\" data-end=\"2717\"><p data-start=\"2650\" data-end=\"2717\"><strong data-start=\"2650\" data-end=\"2665\">Aiguelongue<\/strong>, appr\u00e9ci\u00e9 pour son environnement calme et verdoyant<\/p><\/li><\/ul><p data-start=\"2719\" data-end=\"2848\">Certains secteurs en d\u00e9veloppement offrent \u00e9galement des opportunit\u00e9s int\u00e9ressantes pour les biens \u00e0 r\u00e9nover ou \u00e0 fort potentiel.<\/p>\t\t\t\t\t\t\t\t<\/div>\n\t\t\t\t\t<\/div>\n\t\t\t\t<\/div>\n\t\t<div class=\"elementor-element elementor-element-9d11263 e-flex e-con-boxed e-con e-parent\" data-id=\"9d11263\" data-element_type=\"container\">\n\t\t\t\t\t<div class=\"e-con-inner\">\n\t\t\t\t<div class=\"elementor-element elementor-element-acc7c8e elementor-widget elementor-widget-heading\" data-id=\"acc7c8e\" data-element_type=\"widget\" data-widget_type=\"heading.default\">\n\t\t\t\t\t<h2 class=\"elementor-heading-title elementor-size-default\">Acheter un bien ancien \u00e0 Montpellier : r\u00e9sidence ou investissement<\/h2>\t\t\t\t<\/div>\n\t\t\t\t<div class=\"elementor-element elementor-element-6ba7d74 elementor-widget elementor-widget-text-editor\" data-id=\"6ba7d74\" data-element_type=\"widget\" data-widget_type=\"text-editor.default\">\n\t\t\t\t\t\t\t\t\t<p data-start=\"2927\" data-end=\"3198\">Acheter un bien ancien \u00e0 Montpellier peut r\u00e9pondre \u00e0 diff\u00e9rents objectifs : r\u00e9sidence principale, r\u00e9sidence secondaire ou investissement locatif. La ville b\u00e9n\u00e9ficie d\u2019une population \u00e9tudiante importante et d\u2019un march\u00e9 locatif dynamique, garantissant une demande soutenue.<\/p><p data-start=\"3200\" data-end=\"3412\">Les biens anciens offrent \u00e9galement des perspectives de valorisation attractives gr\u00e2ce aux travaux de r\u00e9novation, aux dispositifs fiscaux existants et \u00e0 l\u2019attractivit\u00e9 durable du march\u00e9 immobilier montpelli\u00e9rain.<\/p>\t\t\t\t\t\t\t\t<\/div>\n\t\t\t\t\t<\/div>\n\t\t\t\t<\/div>\n\t\t<div class=\"elementor-element elementor-element-a91692d e-flex e-con-boxed e-con e-parent\" data-id=\"a91692d\" data-element_type=\"container\">\n\t\t\t\t\t<div class=\"e-con-inner\">\n\t\t\t\t<div class=\"elementor-element elementor-element-89b13a3 elementor-widget elementor-widget-heading\" data-id=\"89b13a3\" data-element_type=\"widget\" data-widget_type=\"heading.default\">\n\t\t\t\t\t<h2 class=\"elementor-heading-title elementor-size-default\">D\u00e9couvrez toutes nos annonces de biens anciens \u00e0 Montpellier<\/h2>\t\t\t\t<\/div>\n\t\t\t\t\t<\/div>\n\t\t\t\t<\/div>\n\t\t<div class=\"elementor-element elementor-element-f508ab8 e-flex e-con-boxed e-con e-parent\" data-id=\"f508ab8\" data-element_type=\"container\">\n\t\t\t\t\t<div class=\"e-con-inner\">\n\t\t\t\t<div class=\"elementor-element elementor-element-f8b21bf elementor-widget elementor-widget-text-editor\" data-id=\"f8b21bf\" data-element_type=\"widget\" data-widget_type=\"text-editor.default\">\n\t\t\t\t\t\t\t\t\t<p data-start=\"3485\" data-end=\"3663\">Parcourez d\u00e8s maintenant nos annonces de biens anciens \u00e0 vendre \u00e0 Montpellier et affinez votre recherche selon vos crit\u00e8res : type de bien, quartier, budget ou projet immobilier.<\/p><p data-start=\"3665\" data-end=\"3894\">Notre plateforme vous accompagne dans votre recherche afin de vous aider \u00e0 trouver un bien ancien correspondant \u00e0 vos attentes, qu\u2019il s\u2019agisse d\u2019un achat coup de c\u0153ur, d\u2019un investissement patrimonial ou d\u2019un projet de r\u00e9novation.<\/p><p><a href=\"https:\/\/depierreenpierre.fr\/en\/ville\/montpellier\/\"><img decoding=\"async\" class=\"emoji\" role=\"img\" draggable=\"false\" src=\"https:\/\/s.w.org\/images\/core\/emoji\/16.0.1\/svg\/1f449.svg\" alt=\"\ud83d\udc49\" \/> <em data-start=\"2325\" data-end=\"2403\">Voir toutes les annonces de biens anciens actuellement disponibles \u00e0 Montpellier.<\/em><\/a><\/p>\t\t\t\t\t\t\t\t<\/div>\n\t\t\t\t\t<\/div>\n\t\t\t\t<\/div>\n\t\t<div class=\"elementor-element elementor-element-9733319 e-flex e-con-boxed e-con e-parent\" data-id=\"9733319\" data-element_type=\"container\">\n\t\t\t\t\t<div class=\"e-con-inner\">\n\t\t\t\t\t<\/div>\n\t\t\t\t<\/div>\n\t\t\t\t<\/div>","protected":false},"excerpt":{"rendered":"<p>Biens anciens \u00e0 vendre \u00e0 Montpellier D\u00e9couvrez notre s\u00e9lection de biens anciens \u00e0 vendre \u00e0 Montpellier, m\u00e9tropole dynamique du sud de la France, reconnue pour son patrimoine historique, sa qualit\u00e9 de vie et son attractivit\u00e9 \u00e9conomique. Appartements anciens, maisons de caract\u00e8re, immeubles de charme ou biens \u00e0 r\u00e9nover : notre plateforme r\u00e9f\u00e9rence des annonces immobili\u00e8res [&hellip;]<\/p>","protected":false},"author":4,"featured_media":0,"parent":0,"menu_order":27,"comment_status":"closed","ping_status":"closed","template":"elementor_header_footer","meta":{"content-type":"","footnotes":""},"class_list":["post-20561","page","type-page","status-publish","hentry"],"yoast_head":"<!-- This site is optimized with the Yoast SEO plugin v26.8 - https:\/\/yoast.com\/product\/yoast-seo-wordpress\/ -->\n<title>Biens anciens \u00e0 vendre \u00e0 Montpellier | Maisons de caract\u00e8re<\/title>\n<meta name=\"description\" content=\"D\u00e9couvrez notre s\u00e9lection de biens anciens \u00e0 vendre \u00e0 Montpellier : maisons de caract\u00e8re, appartements anciens et biens de charme dans les quartiers les plus recherch\u00e9s.\" \/>\n<meta name=\"robots\" content=\"index, follow, max-snippet:-1, max-image-preview:large, max-video-preview:-1\" \/>\n<link rel=\"canonical\" href=\"https:\/\/depierreenpierre.fr\/en\/biens-anciens-a-montpellier\/\" \/>\n<meta property=\"og:locale\" content=\"en_US\" \/>\n<meta property=\"og:type\" content=\"article\" \/>\n<meta property=\"og:title\" content=\"Biens anciens \u00e0 vendre \u00e0 Montpellier | Maisons de caract\u00e8re\" \/>\n<meta property=\"og:description\" content=\"D\u00e9couvrez notre s\u00e9lection de biens anciens \u00e0 vendre \u00e0 Montpellier : maisons de caract\u00e8re, appartements anciens et biens de charme dans les quartiers les plus recherch\u00e9s.\" \/>\n<meta property=\"og:url\" content=\"https:\/\/depierreenpierre.fr\/en\/biens-anciens-a-montpellier\/\" \/>\n<meta property=\"og:site_name\" content=\"depierreenpierre.fr\" \/>\n<meta property=\"article:modified_time\" content=\"2026-01-08T16:15:10+00:00\" \/>\n<meta property=\"og:image\" content=\"https:\/\/s.w.org\/images\/core\/emoji\/16.0.1\/svg\/1f449.svg\" \/>\n<meta name=\"twitter:card\" content=\"summary_large_image\" \/>\n<meta name=\"twitter:label1\" content=\"Est. reading time\" \/>\n\t<meta name=\"twitter:data1\" content=\"3 minutes\" \/>\n<script type=\"application\/ld+json\" class=\"yoast-schema-graph\">{\"@context\":\"https:\/\/schema.org\",\"@graph\":[{\"@type\":\"WebPage\",\"@id\":\"https:\/\/depierreenpierre.fr\/biens-anciens-a-montpellier\/\",\"url\":\"https:\/\/depierreenpierre.fr\/biens-anciens-a-montpellier\/\",\"name\":\"Biens anciens \u00e0 vendre \u00e0 Montpellier | Maisons de caract\u00e8re\",\"isPartOf\":{\"@id\":\"https:\/\/depierreenpierre.fr\/#website\"},\"primaryImageOfPage\":{\"@id\":\"https:\/\/depierreenpierre.fr\/biens-anciens-a-montpellier\/#primaryimage\"},\"image\":{\"@id\":\"https:\/\/depierreenpierre.fr\/biens-anciens-a-montpellier\/#primaryimage\"},\"thumbnailUrl\":\"https:\/\/s.w.org\/images\/core\/emoji\/16.0.1\/svg\/1f449.svg\",\"datePublished\":\"2025-12-28T16:37:28+00:00\",\"dateModified\":\"2026-01-08T16:15:10+00:00\",\"description\":\"D\u00e9couvrez notre s\u00e9lection de biens anciens \u00e0 vendre \u00e0 Montpellier : maisons de caract\u00e8re, appartements anciens et biens de charme dans les quartiers les plus recherch\u00e9s.\",\"breadcrumb\":{\"@id\":\"https:\/\/depierreenpierre.fr\/biens-anciens-a-montpellier\/#breadcrumb\"},\"inLanguage\":\"en-US\",\"potentialAction\":[{\"@type\":\"ReadAction\",\"target\":[\"https:\/\/depierreenpierre.fr\/biens-anciens-a-montpellier\/\"]}]},{\"@type\":\"ImageObject\",\"inLanguage\":\"en-US\",\"@id\":\"https:\/\/depierreenpierre.fr\/biens-anciens-a-montpellier\/#primaryimage\",\"url\":\"https:\/\/s.w.org\/images\/core\/emoji\/16.0.1\/svg\/1f449.svg\",\"contentUrl\":\"https:\/\/s.w.org\/images\/core\/emoji\/16.0.1\/svg\/1f449.svg\"},{\"@type\":\"BreadcrumbList\",\"@id\":\"https:\/\/depierreenpierre.fr\/biens-anciens-a-montpellier\/#breadcrumb\",\"itemListElement\":[{\"@type\":\"ListItem\",\"position\":1,\"name\":\"Accueil\",\"item\":\"https:\/\/depierreenpierre.fr\/\"},{\"@type\":\"ListItem\",\"position\":2,\"name\":\"Biens anciens \u00e0 Montpellier\"}]},{\"@type\":\"WebSite\",\"@id\":\"https:\/\/depierreenpierre.fr\/#website\",\"url\":\"https:\/\/depierreenpierre.fr\/\",\"name\":\"depierreenpierre.fr\",\"description\":\"Plateforme d&#039;annonces immobili\u00e8res sp\u00e9cialis\u00e9e en biens anciens\",\"publisher\":{\"@id\":\"https:\/\/depierreenpierre.fr\/#organization\"},\"potentialAction\":[{\"@type\":\"SearchAction\",\"target\":{\"@type\":\"EntryPoint\",\"urlTemplate\":\"https:\/\/depierreenpierre.fr\/?s={search_term_string}\"},\"query-input\":{\"@type\":\"PropertyValueSpecification\",\"valueRequired\":true,\"valueName\":\"search_term_string\"}}],\"inLanguage\":\"en-US\"},{\"@type\":\"Organization\",\"@id\":\"https:\/\/depierreenpierre.fr\/#organization\",\"name\":\"depierreenpierre.fr\",\"url\":\"https:\/\/depierreenpierre.fr\/\",\"logo\":{\"@type\":\"ImageObject\",\"inLanguage\":\"en-US\",\"@id\":\"https:\/\/depierreenpierre.fr\/#\/schema\/logo\/image\/\",\"url\":\"https:\/\/depierreenpierre.fr\/wp-content\/uploads\/2025\/10\/Gemini_Generated_Image_onwkifonwkifonwk.png\",\"contentUrl\":\"https:\/\/depierreenpierre.fr\/wp-content\/uploads\/2025\/10\/Gemini_Generated_Image_onwkifonwkifonwk.png\",\"width\":1024,\"height\":1024,\"caption\":\"depierreenpierre.fr\"},\"image\":{\"@id\":\"https:\/\/depierreenpierre.fr\/#\/schema\/logo\/image\/\"},\"sameAs\":[\"https:\/\/www.instagram.com\/depierreenpierre\/\"]}]}<\/script>\n<!-- \/ Yoast SEO plugin. -->","yoast_head_json":{"title":"Biens anciens \u00e0 vendre \u00e0 Montpellier | Maisons de caract\u00e8re","description":"D\u00e9couvrez notre s\u00e9lection de biens anciens \u00e0 vendre \u00e0 Montpellier : maisons de caract\u00e8re, appartements anciens et biens de charme dans les quartiers les plus recherch\u00e9s.","robots":{"index":"index","follow":"follow","max-snippet":"max-snippet:-1","max-image-preview":"max-image-preview:large","max-video-preview":"max-video-preview:-1"},"canonical":"https:\/\/depierreenpierre.fr\/en\/biens-anciens-a-montpellier\/","og_locale":"en_US","og_type":"article","og_title":"Biens anciens \u00e0 vendre \u00e0 Montpellier | Maisons de caract\u00e8re","og_description":"D\u00e9couvrez notre s\u00e9lection de biens anciens \u00e0 vendre \u00e0 Montpellier : maisons de caract\u00e8re, appartements anciens et biens de charme dans les quartiers les plus recherch\u00e9s.","og_url":"https:\/\/depierreenpierre.fr\/en\/biens-anciens-a-montpellier\/","og_site_name":"depierreenpierre.fr","article_modified_time":"2026-01-08T16:15:10+00:00","og_image":[{"url":"https:\/\/s.w.org\/images\/core\/emoji\/16.0.1\/svg\/1f449.svg","type":"","width":"","height":""}],"twitter_card":"summary_large_image","twitter_misc":{"Est. reading time":"3 minutes"},"schema":{"@context":"https:\/\/schema.org","@graph":[{"@type":"WebPage","@id":"https:\/\/depierreenpierre.fr\/biens-anciens-a-montpellier\/","url":"https:\/\/depierreenpierre.fr\/biens-anciens-a-montpellier\/","name":"Biens anciens \u00e0 vendre \u00e0 Montpellier | Maisons de caract\u00e8re","isPartOf":{"@id":"https:\/\/depierreenpierre.fr\/#website"},"primaryImageOfPage":{"@id":"https:\/\/depierreenpierre.fr\/biens-anciens-a-montpellier\/#primaryimage"},"image":{"@id":"https:\/\/depierreenpierre.fr\/biens-anciens-a-montpellier\/#primaryimage"},"thumbnailUrl":"https:\/\/s.w.org\/images\/core\/emoji\/16.0.1\/svg\/1f449.svg","datePublished":"2025-12-28T16:37:28+00:00","dateModified":"2026-01-08T16:15:10+00:00","description":"D\u00e9couvrez notre s\u00e9lection de biens anciens \u00e0 vendre \u00e0 Montpellier : maisons de caract\u00e8re, appartements anciens et biens de charme dans les quartiers les plus recherch\u00e9s.","breadcrumb":{"@id":"https:\/\/depierreenpierre.fr\/biens-anciens-a-montpellier\/#breadcrumb"},"inLanguage":"en-US","potentialAction":[{"@type":"ReadAction","target":["https:\/\/depierreenpierre.fr\/biens-anciens-a-montpellier\/"]}]},{"@type":"ImageObject","inLanguage":"en-US","@id":"https:\/\/depierreenpierre.fr\/biens-anciens-a-montpellier\/#primaryimage","url":"https:\/\/s.w.org\/images\/core\/emoji\/16.0.1\/svg\/1f449.svg","contentUrl":"https:\/\/s.w.org\/images\/core\/emoji\/16.0.1\/svg\/1f449.svg"},{"@type":"BreadcrumbList","@id":"https:\/\/depierreenpierre.fr\/biens-anciens-a-montpellier\/#breadcrumb","itemListElement":[{"@type":"ListItem","position":1,"name":"Accueil","item":"https:\/\/depierreenpierre.fr\/"},{"@type":"ListItem","position":2,"name":"Biens anciens \u00e0 Montpellier"}]},{"@type":"WebSite","@id":"https:\/\/depierreenpierre.fr\/#website","url":"https:\/\/depierreenpierre.fr\/","name":"depierreenpierre.fr","description":"Plateforme d&#039;annonces immobili\u00e8res sp\u00e9cialis\u00e9e en biens anciens","publisher":{"@id":"https:\/\/depierreenpierre.fr\/#organization"},"potentialAction":[{"@type":"SearchAction","target":{"@type":"EntryPoint","urlTemplate":"https:\/\/depierreenpierre.fr\/?s={search_term_string}"},"query-input":{"@type":"PropertyValueSpecification","valueRequired":true,"valueName":"search_term_string"}}],"inLanguage":"en-US"},{"@type":"Organization","@id":"https:\/\/depierreenpierre.fr\/#organization","name":"depierreenpierre.fr","url":"https:\/\/depierreenpierre.fr\/","logo":{"@type":"ImageObject","inLanguage":"en-US","@id":"https:\/\/depierreenpierre.fr\/#\/schema\/logo\/image\/","url":"https:\/\/depierreenpierre.fr\/wp-content\/uploads\/2025\/10\/Gemini_Generated_Image_onwkifonwkifonwk.png","contentUrl":"https:\/\/depierreenpierre.fr\/wp-content\/uploads\/2025\/10\/Gemini_Generated_Image_onwkifonwkifonwk.png","width":1024,"height":1024,"caption":"depierreenpierre.fr"},"image":{"@id":"https:\/\/depierreenpierre.fr\/#\/schema\/logo\/image\/"},"sameAs":["https:\/\/www.instagram.com\/depierreenpierre\/"]}]}},"_links":{"self":[{"href":"https:\/\/depierreenpierre.fr\/en\/wp-json\/wp\/v2\/pages\/20561","targetHints":{"allow":["GET"]}}],"collection":[{"href":"https:\/\/depierreenpierre.fr\/en\/wp-json\/wp\/v2\/pages"}],"about":[{"href":"https:\/\/depierreenpierre.fr\/en\/wp-json\/wp\/v2\/types\/page"}],"author":[{"embeddable":true,"href":"https:\/\/depierreenpierre.fr\/en\/wp-json\/wp\/v2\/users\/4"}],"replies":[{"embeddable":true,"href":"https:\/\/depierreenpierre.fr\/en\/wp-json\/wp\/v2\/comments?post=20561"}],"version-history":[{"count":1,"href":"https:\/\/depierreenpierre.fr\/en\/wp-json\/wp\/v2\/pages\/20561\/revisions"}],"predecessor-version":[{"id":20956,"href":"https:\/\/depierreenpierre.fr\/en\/wp-json\/wp\/v2\/pages\/20561\/revisions\/20956"}],"wp:attachment":[{"href":"https:\/\/depierreenpierre.fr\/en\/wp-json\/wp\/v2\/media?parent=20561"}],"curies":[{"name":"wp","href":"https:\/\/api.w.org\/{rel}","templated":true}]}}