{"id":20571,"date":"2025-12-29T07:05:47","date_gmt":"2025-12-29T07:05:47","guid":{"rendered":"https:\/\/depierreenpierre.fr\/biens-anciens-a-reims-2\/"},"modified":"2026-01-08T16:16:24","modified_gmt":"2026-01-08T16:16:24","slug":"biens-anciens-a-reims","status":"publish","type":"page","link":"https:\/\/depierreenpierre.fr\/en\/biens-anciens-a-reims\/","title":{"rendered":"Biens anciens \u00e0 Reims"},"content":{"rendered":"<div data-elementor-type=\"wp-page\" data-elementor-id=\"20571\" class=\"elementor elementor-20571\">\n\t\t\t\t<div class=\"elementor-element elementor-element-428121b e-flex e-con-boxed e-con e-parent\" data-id=\"428121b\" data-element_type=\"container\">\n\t\t\t\t\t<div class=\"e-con-inner\">\n\t\t\t\t<div class=\"elementor-element elementor-element-76c7ce1 elementor-widget elementor-widget-heading\" data-id=\"76c7ce1\" data-element_type=\"widget\" data-widget_type=\"heading.default\">\n\t\t\t\t\t<h1 class=\"elementor-heading-title elementor-size-default\">Biens anciens \u00e0 vendre \u00e0 Reims\n<\/h1>\t\t\t\t<\/div>\n\t\t\t\t\t<\/div>\n\t\t\t\t<\/div>\n\t\t<div class=\"elementor-element elementor-element-539dbe7 e-flex e-con-boxed e-con e-parent\" data-id=\"539dbe7\" data-element_type=\"container\">\n\t\t\t\t\t<div class=\"e-con-inner\">\n\t\t\t\t<div class=\"elementor-element elementor-element-3b5fedd elementor-widget elementor-widget-text-editor\" data-id=\"3b5fedd\" data-element_type=\"widget\" data-widget_type=\"text-editor.default\">\n\t\t\t\t\t\t\t\t\t<p data-start=\"275\" data-end=\"489\">D\u00e9couvrez notre s\u00e9lection de biens anciens \u00e0 vendre \u00e0 Reims, ville d\u2019art et d\u2019histoire au c\u0153ur de la Champagne, mondialement connue pour sa cath\u00e9drale class\u00e9e \u00e0 l\u2019UNESCO et son patrimoine architectural remarquable.<\/p><p data-start=\"491\" data-end=\"796\">Appartements anciens, maisons de caract\u00e8re, immeubles de charme ou biens \u00e0 r\u00e9nover : notre plateforme r\u00e9f\u00e9rence des annonces immobili\u00e8res soigneusement s\u00e9lectionn\u00e9es \u00e0 Reims et dans ses quartiers les plus recherch\u00e9s comme le centre-ville, Boulingrin, Clairmarais, Jean-Jaur\u00e8s, Cernay ou encore Saint-Remi.<\/p><p data-start=\"798\" data-end=\"1012\">Investir dans un bien ancien \u00e0 Reims, c\u2019est faire le choix d\u2019un march\u00e9 immobilier attractif, port\u00e9 par une forte demande locative, une accessibilit\u00e9 strat\u00e9gique (gare TGV vers Paris) et une qualit\u00e9 de vie reconnue.<\/p>\t\t\t\t\t\t\t\t<\/div>\n\t\t\t\t\t<\/div>\n\t\t\t\t<\/div>\n\t\t<div class=\"elementor-element elementor-element-5f5f996 e-flex e-con-boxed e-con e-parent\" data-id=\"5f5f996\" data-element_type=\"container\">\n\t\t\t\t\t<div class=\"e-con-inner\">\n\t\t\t\t<div class=\"elementor-element elementor-element-be98eaa elementor-widget elementor-widget-heading\" data-id=\"be98eaa\" data-element_type=\"widget\" data-widget_type=\"heading.default\">\n\t\t\t\t\t<h2 class=\"elementor-heading-title elementor-size-default\">Pourquoi investir dans un bien ancien \u00e0 Reims ?<\/h2>\t\t\t\t<\/div>\n\t\t\t\t\t<\/div>\n\t\t\t\t<\/div>\n\t\t<div class=\"elementor-element elementor-element-b779486 e-flex e-con-boxed e-con e-parent\" data-id=\"b779486\" data-element_type=\"container\">\n\t\t\t\t\t<div class=\"e-con-inner\">\n\t\t\t\t<div class=\"elementor-element elementor-element-931a944 elementor-widget elementor-widget-text-editor\" data-id=\"931a944\" data-element_type=\"widget\" data-widget_type=\"text-editor.default\">\n\t\t\t\t\t\t\t\t\t<p data-start=\"1072\" data-end=\"1379\">Investir dans un bien ancien \u00e0 Reims repr\u00e9sente une opportunit\u00e9 immobili\u00e8re solide et durable. Ville historique et \u00e9conomique de la r\u00e9gion Grand Est, Reims attire chaque ann\u00e9e de nouveaux habitants gr\u00e2ce \u00e0 sa proximit\u00e9 avec Paris, son dynamisme universitaire et son attractivit\u00e9 li\u00e9e \u00e0 la fili\u00e8re champagne.<\/p><p data-start=\"1381\" data-end=\"1720\">Le march\u00e9 de l\u2019immobilier ancien \u00e0 Reims se distingue par une offre vari\u00e9e, allant des appartements haussmanniens du centre-ville aux maisons anciennes des quartiers r\u00e9sidentiels. Les biens anciens s\u00e9duisent par leur cachet, leurs volumes g\u00e9n\u00e9reux, leurs mat\u00e9riaux nobles et leur implantation dans des secteurs \u00e0 forte valeur patrimoniale.<\/p>\t\t\t\t\t\t\t\t<\/div>\n\t\t\t\t\t<\/div>\n\t\t\t\t<\/div>\n\t\t<div class=\"elementor-element elementor-element-974a93e e-flex e-con-boxed e-con e-parent\" data-id=\"974a93e\" data-element_type=\"container\">\n\t\t\t\t\t<div class=\"e-con-inner\">\n\t\t\t\t<div class=\"elementor-element elementor-element-4a061e8 elementor-widget elementor-widget-heading\" data-id=\"4a061e8\" data-element_type=\"widget\" data-widget_type=\"heading.default\">\n\t\t\t\t\t<h2 class=\"elementor-heading-title elementor-size-default\">Nos biens anciens disponibles \u00e0 Reims<\/h2>\t\t\t\t<\/div>\n\t\t\t\t\t<\/div>\n\t\t\t\t<\/div>\n\t\t<div class=\"elementor-element elementor-element-78e9f0b e-flex e-con-boxed e-con e-parent\" data-id=\"78e9f0b\" data-element_type=\"container\">\n\t\t\t\t\t<div class=\"e-con-inner\">\n\t\t\t\t<div class=\"elementor-element elementor-element-3ee6ff0 elementor-widget elementor-widget-text-editor\" data-id=\"3ee6ff0\" data-element_type=\"widget\" data-widget_type=\"text-editor.default\">\n\t\t\t\t\t\t\t\t\t<p data-start=\"1770\" data-end=\"2010\">Notre plateforme r\u00e9f\u00e9rence une s\u00e9lection rigoureuse de biens anciens \u00e0 vendre \u00e0 Reims, comprenant des appartements anciens, des maisons de caract\u00e8re, des immeubles de rapport et des biens \u00e0 r\u00e9nover offrant un fort potentiel de valorisation.<\/p><p data-start=\"2012\" data-end=\"2245\">Chaque annonce immobili\u00e8re est d\u00e9taill\u00e9e afin de vous permettre d\u2019\u00e9valuer pr\u00e9cis\u00e9ment le potentiel du bien : emplacement, surface, prestations, \u00e9tat g\u00e9n\u00e9ral, travaux \u00e9ventuels et opportunit\u00e9s de valorisation patrimoniale ou locative.<\/p>\t\t\t\t\t\t\t\t<\/div>\n\t\t\t\t\t<\/div>\n\t\t\t\t<\/div>\n\t\t<div class=\"elementor-element elementor-element-f992808 e-flex e-con-boxed e-con e-parent\" data-id=\"f992808\" data-element_type=\"container\">\n\t\t\t\t\t<div class=\"e-con-inner\">\n\t\t\t\t<div class=\"elementor-element elementor-element-11fcdbb elementor-widget elementor-widget-houzez_elementor_section_title\" data-id=\"11fcdbb\" data-element_type=\"widget\" data-widget_type=\"houzez_elementor_section_title.default\">\n\t\t\t\t<div class=\"elementor-widget-container\">\n\t\t\t\t\t            <div class=\"houzez_section_title_wrap section-title-module\">\n                                    <h2 class=\"houzez_section_title\">Quartiers recherch\u00e9s pour l\u2019immobilier ancien \u00e0 Reims<\/h2>\n                \n                            <\/div>\n            \t\t\t\t<\/div>\n\t\t\t\t<\/div>\n\t\t\t\t\t<\/div>\n\t\t\t\t<\/div>\n\t\t<div class=\"elementor-element elementor-element-488f8bb e-flex e-con-boxed e-con e-parent\" data-id=\"488f8bb\" data-element_type=\"container\">\n\t\t\t\t\t<div class=\"e-con-inner\">\n\t\t\t\t<div class=\"elementor-element elementor-element-5904fa9 elementor-widget elementor-widget-text-editor\" data-id=\"5904fa9\" data-element_type=\"widget\" data-widget_type=\"text-editor.default\">\n\t\t\t\t\t\t\t\t\t<p data-start=\"2311\" data-end=\"2434\">Reims dispose de nombreux quartiers pris\u00e9s pour l\u2019achat de biens anciens, chacun offrant des caract\u00e9ristiques sp\u00e9cifiques :<\/p><ul data-start=\"2436\" data-end=\"2834\"><li data-start=\"2436\" data-end=\"2543\"><p data-start=\"2438\" data-end=\"2543\"><strong data-start=\"2438\" data-end=\"2474\">Le centre-ville et le Boulingrin<\/strong>, recherch\u00e9s pour leur architecture et leur proximit\u00e9 des commerces<\/p><\/li><li data-start=\"2544\" data-end=\"2629\"><p data-start=\"2546\" data-end=\"2629\"><strong data-start=\"2546\" data-end=\"2561\">Clairmarais<\/strong>, appr\u00e9ci\u00e9 pour sa proximit\u00e9 avec la gare et son potentiel locatif<\/p><\/li><li data-start=\"2630\" data-end=\"2687\"><p data-start=\"2632\" data-end=\"2687\"><strong data-start=\"2632\" data-end=\"2646\">Saint-Remi<\/strong>, quartier historique class\u00e9 \u00e0 l\u2019UNESCO<\/p><\/li><li data-start=\"2688\" data-end=\"2770\"><p data-start=\"2690\" data-end=\"2770\"><strong data-start=\"2690\" data-end=\"2705\">Jean-Jaur\u00e8s<\/strong>, recherch\u00e9 pour son cadre r\u00e9sidentiel et ses maisons anciennes<\/p><\/li><li data-start=\"2771\" data-end=\"2834\"><p data-start=\"2773\" data-end=\"2834\"><strong data-start=\"2773\" data-end=\"2783\">Cernay<\/strong>, appr\u00e9ci\u00e9 pour son environnement calme et familial<\/p><\/li><\/ul><p data-start=\"2836\" data-end=\"2966\">Certains secteurs en transformation offrent \u00e9galement des opportunit\u00e9s int\u00e9ressantes pour les biens \u00e0 r\u00e9nover ou \u00e0 fort potentiel.<\/p>\t\t\t\t\t\t\t\t<\/div>\n\t\t\t\t\t<\/div>\n\t\t\t\t<\/div>\n\t\t<div class=\"elementor-element elementor-element-9d11263 e-flex e-con-boxed e-con e-parent\" data-id=\"9d11263\" data-element_type=\"container\">\n\t\t\t\t\t<div class=\"e-con-inner\">\n\t\t\t\t<div class=\"elementor-element elementor-element-acc7c8e elementor-widget elementor-widget-heading\" data-id=\"acc7c8e\" data-element_type=\"widget\" data-widget_type=\"heading.default\">\n\t\t\t\t\t<h2 class=\"elementor-heading-title elementor-size-default\">Acheter un bien ancien \u00e0 Reims : r\u00e9sidence ou investissement<\/h2>\t\t\t\t<\/div>\n\t\t\t\t<div class=\"elementor-element elementor-element-6ba7d74 elementor-widget elementor-widget-text-editor\" data-id=\"6ba7d74\" data-element_type=\"widget\" data-widget_type=\"text-editor.default\">\n\t\t\t\t\t\t\t\t\t<p data-start=\"3039\" data-end=\"3308\">Acheter un bien ancien \u00e0 Reims peut r\u00e9pondre \u00e0 diff\u00e9rents objectifs : r\u00e9sidence principale, investissement locatif ou projet patrimonial. La ville b\u00e9n\u00e9ficie d\u2019une population \u00e9tudiante importante et d\u2019un march\u00e9 locatif soutenu, renforc\u00e9 par sa connexion directe \u00e0 Paris.<\/p><p data-start=\"3310\" data-end=\"3516\">Les biens anciens offrent \u00e9galement des perspectives de valorisation int\u00e9ressantes gr\u00e2ce aux travaux de r\u00e9novation, aux dispositifs fiscaux existants et \u00e0 l\u2019attractivit\u00e9 durable du march\u00e9 immobilier r\u00e9mois.<\/p>\t\t\t\t\t\t\t\t<\/div>\n\t\t\t\t\t<\/div>\n\t\t\t\t<\/div>\n\t\t<div class=\"elementor-element elementor-element-a91692d e-flex e-con-boxed e-con e-parent\" data-id=\"a91692d\" data-element_type=\"container\">\n\t\t\t\t\t<div class=\"e-con-inner\">\n\t\t\t\t<div class=\"elementor-element elementor-element-89b13a3 elementor-widget elementor-widget-heading\" data-id=\"89b13a3\" data-element_type=\"widget\" data-widget_type=\"heading.default\">\n\t\t\t\t\t<h2 class=\"elementor-heading-title elementor-size-default\">D\u00e9couvrez toutes nos annonces de biens anciens \u00e0 Reims<\/h2>\t\t\t\t<\/div>\n\t\t\t\t\t<\/div>\n\t\t\t\t<\/div>\n\t\t<div class=\"elementor-element elementor-element-f508ab8 e-flex e-con-boxed e-con e-parent\" data-id=\"f508ab8\" data-element_type=\"container\">\n\t\t\t\t\t<div class=\"e-con-inner\">\n\t\t\t\t<div class=\"elementor-element elementor-element-f8b21bf elementor-widget elementor-widget-text-editor\" data-id=\"f8b21bf\" data-element_type=\"widget\" data-widget_type=\"text-editor.default\">\n\t\t\t\t\t\t\t\t\t<p data-start=\"3583\" data-end=\"3755\">Parcourez d\u00e8s maintenant nos annonces de biens anciens \u00e0 vendre \u00e0 Reims et affinez votre recherche selon vos crit\u00e8res : type de bien, quartier, budget ou projet immobilier.<\/p><p data-start=\"3757\" data-end=\"3986\">Notre plateforme vous accompagne dans votre recherche afin de vous aider \u00e0 trouver un bien ancien correspondant \u00e0 vos attentes, qu\u2019il s\u2019agisse d\u2019un achat coup de c\u0153ur, d\u2019un investissement patrimonial ou d\u2019un projet de r\u00e9novation.<\/p><p><a href=\"https:\/\/depierreenpierre.fr\/en\/ville\/Reims\/\"><img decoding=\"async\" class=\"emoji\" role=\"img\" draggable=\"false\" src=\"https:\/\/s.w.org\/images\/core\/emoji\/16.0.1\/svg\/1f449.svg\" alt=\"\ud83d\udc49\" \/> <em data-start=\"2325\" data-end=\"2403\">Voir toutes les annonces de biens anciens actuellement disponibles \u00e0 Reims.<\/em><\/a><\/p>\t\t\t\t\t\t\t\t<\/div>\n\t\t\t\t\t<\/div>\n\t\t\t\t<\/div>\n\t\t<div class=\"elementor-element elementor-element-9733319 e-flex e-con-boxed e-con e-parent\" data-id=\"9733319\" data-element_type=\"container\">\n\t\t\t\t\t<div class=\"e-con-inner\">\n\t\t\t\t\t<\/div>\n\t\t\t\t<\/div>\n\t\t\t\t<\/div>","protected":false},"excerpt":{"rendered":"<p>Biens anciens \u00e0 vendre \u00e0 Reims D\u00e9couvrez notre s\u00e9lection de biens anciens \u00e0 vendre \u00e0 Reims, ville d\u2019art et d\u2019histoire au c\u0153ur de la Champagne, mondialement connue pour sa cath\u00e9drale class\u00e9e \u00e0 l\u2019UNESCO et son patrimoine architectural remarquable. Appartements anciens, maisons de caract\u00e8re, immeubles de charme ou biens \u00e0 r\u00e9nover : notre plateforme r\u00e9f\u00e9rence des [&hellip;]<\/p>","protected":false},"author":4,"featured_media":0,"parent":0,"menu_order":29,"comment_status":"closed","ping_status":"closed","template":"elementor_header_footer","meta":{"content-type":"","footnotes":""},"class_list":["post-20571","page","type-page","status-publish","hentry"],"yoast_head":"<!-- This site is optimized with the Yoast SEO plugin v26.8 - https:\/\/yoast.com\/product\/yoast-seo-wordpress\/ -->\n<title>Biens anciens \u00e0 vendre \u00e0 Reims | Maisons de caract\u00e8re<\/title>\n<meta name=\"description\" content=\"D\u00e9couvrez notre s\u00e9lection de biens anciens \u00e0 vendre \u00e0 Reims : maisons de caract\u00e8re, appartements anciens et biens de charme dans les quartiers les plus recherch\u00e9s.\" \/>\n<meta name=\"robots\" content=\"index, follow, max-snippet:-1, max-image-preview:large, max-video-preview:-1\" \/>\n<link rel=\"canonical\" href=\"https:\/\/depierreenpierre.fr\/en\/biens-anciens-a-reims\/\" \/>\n<meta property=\"og:locale\" content=\"en_US\" \/>\n<meta property=\"og:type\" content=\"article\" \/>\n<meta property=\"og:title\" content=\"Biens anciens \u00e0 vendre \u00e0 Reims | Maisons de caract\u00e8re\" \/>\n<meta property=\"og:description\" content=\"D\u00e9couvrez notre s\u00e9lection de biens anciens \u00e0 vendre \u00e0 Reims : maisons de caract\u00e8re, appartements anciens et biens de charme dans les quartiers les plus recherch\u00e9s.\" \/>\n<meta property=\"og:url\" content=\"https:\/\/depierreenpierre.fr\/en\/biens-anciens-a-reims\/\" \/>\n<meta property=\"og:site_name\" content=\"depierreenpierre.fr\" \/>\n<meta property=\"article:modified_time\" content=\"2026-01-08T16:16:24+00:00\" \/>\n<meta property=\"og:image\" content=\"https:\/\/s.w.org\/images\/core\/emoji\/16.0.1\/svg\/1f449.svg\" \/>\n<meta name=\"twitter:card\" content=\"summary_large_image\" \/>\n<meta name=\"twitter:label1\" content=\"Est. reading time\" \/>\n\t<meta name=\"twitter:data1\" content=\"3 minutes\" \/>\n<script type=\"application\/ld+json\" class=\"yoast-schema-graph\">{\"@context\":\"https:\/\/schema.org\",\"@graph\":[{\"@type\":\"WebPage\",\"@id\":\"https:\/\/depierreenpierre.fr\/biens-anciens-a-reims\/\",\"url\":\"https:\/\/depierreenpierre.fr\/biens-anciens-a-reims\/\",\"name\":\"Biens anciens \u00e0 vendre \u00e0 Reims | Maisons de caract\u00e8re\",\"isPartOf\":{\"@id\":\"https:\/\/depierreenpierre.fr\/#website\"},\"primaryImageOfPage\":{\"@id\":\"https:\/\/depierreenpierre.fr\/biens-anciens-a-reims\/#primaryimage\"},\"image\":{\"@id\":\"https:\/\/depierreenpierre.fr\/biens-anciens-a-reims\/#primaryimage\"},\"thumbnailUrl\":\"https:\/\/s.w.org\/images\/core\/emoji\/16.0.1\/svg\/1f449.svg\",\"datePublished\":\"2025-12-29T07:05:47+00:00\",\"dateModified\":\"2026-01-08T16:16:24+00:00\",\"description\":\"D\u00e9couvrez notre s\u00e9lection de biens anciens \u00e0 vendre \u00e0 Reims : maisons de caract\u00e8re, appartements anciens et biens de charme dans les quartiers les plus recherch\u00e9s.\",\"breadcrumb\":{\"@id\":\"https:\/\/depierreenpierre.fr\/biens-anciens-a-reims\/#breadcrumb\"},\"inLanguage\":\"en-US\",\"potentialAction\":[{\"@type\":\"ReadAction\",\"target\":[\"https:\/\/depierreenpierre.fr\/biens-anciens-a-reims\/\"]}]},{\"@type\":\"ImageObject\",\"inLanguage\":\"en-US\",\"@id\":\"https:\/\/depierreenpierre.fr\/biens-anciens-a-reims\/#primaryimage\",\"url\":\"https:\/\/s.w.org\/images\/core\/emoji\/16.0.1\/svg\/1f449.svg\",\"contentUrl\":\"https:\/\/s.w.org\/images\/core\/emoji\/16.0.1\/svg\/1f449.svg\"},{\"@type\":\"BreadcrumbList\",\"@id\":\"https:\/\/depierreenpierre.fr\/biens-anciens-a-reims\/#breadcrumb\",\"itemListElement\":[{\"@type\":\"ListItem\",\"position\":1,\"name\":\"Accueil\",\"item\":\"https:\/\/depierreenpierre.fr\/\"},{\"@type\":\"ListItem\",\"position\":2,\"name\":\"Biens anciens \u00e0 Reims\"}]},{\"@type\":\"WebSite\",\"@id\":\"https:\/\/depierreenpierre.fr\/#website\",\"url\":\"https:\/\/depierreenpierre.fr\/\",\"name\":\"depierreenpierre.fr\",\"description\":\"Plateforme d&#039;annonces immobili\u00e8res sp\u00e9cialis\u00e9e en biens anciens\",\"publisher\":{\"@id\":\"https:\/\/depierreenpierre.fr\/#organization\"},\"potentialAction\":[{\"@type\":\"SearchAction\",\"target\":{\"@type\":\"EntryPoint\",\"urlTemplate\":\"https:\/\/depierreenpierre.fr\/?s={search_term_string}\"},\"query-input\":{\"@type\":\"PropertyValueSpecification\",\"valueRequired\":true,\"valueName\":\"search_term_string\"}}],\"inLanguage\":\"en-US\"},{\"@type\":\"Organization\",\"@id\":\"https:\/\/depierreenpierre.fr\/#organization\",\"name\":\"depierreenpierre.fr\",\"url\":\"https:\/\/depierreenpierre.fr\/\",\"logo\":{\"@type\":\"ImageObject\",\"inLanguage\":\"en-US\",\"@id\":\"https:\/\/depierreenpierre.fr\/#\/schema\/logo\/image\/\",\"url\":\"https:\/\/depierreenpierre.fr\/wp-content\/uploads\/2025\/10\/Gemini_Generated_Image_onwkifonwkifonwk.png\",\"contentUrl\":\"https:\/\/depierreenpierre.fr\/wp-content\/uploads\/2025\/10\/Gemini_Generated_Image_onwkifonwkifonwk.png\",\"width\":1024,\"height\":1024,\"caption\":\"depierreenpierre.fr\"},\"image\":{\"@id\":\"https:\/\/depierreenpierre.fr\/#\/schema\/logo\/image\/\"},\"sameAs\":[\"https:\/\/www.instagram.com\/depierreenpierre\/\"]}]}<\/script>\n<!-- \/ Yoast SEO plugin. -->","yoast_head_json":{"title":"Biens anciens \u00e0 vendre \u00e0 Reims | Maisons de caract\u00e8re","description":"D\u00e9couvrez notre s\u00e9lection de biens anciens \u00e0 vendre \u00e0 Reims : maisons de caract\u00e8re, appartements anciens et biens de charme dans les quartiers les plus recherch\u00e9s.","robots":{"index":"index","follow":"follow","max-snippet":"max-snippet:-1","max-image-preview":"max-image-preview:large","max-video-preview":"max-video-preview:-1"},"canonical":"https:\/\/depierreenpierre.fr\/en\/biens-anciens-a-reims\/","og_locale":"en_US","og_type":"article","og_title":"Biens anciens \u00e0 vendre \u00e0 Reims | Maisons de caract\u00e8re","og_description":"D\u00e9couvrez notre s\u00e9lection de biens anciens \u00e0 vendre \u00e0 Reims : maisons de caract\u00e8re, appartements anciens et biens de charme dans les quartiers les plus recherch\u00e9s.","og_url":"https:\/\/depierreenpierre.fr\/en\/biens-anciens-a-reims\/","og_site_name":"depierreenpierre.fr","article_modified_time":"2026-01-08T16:16:24+00:00","og_image":[{"url":"https:\/\/s.w.org\/images\/core\/emoji\/16.0.1\/svg\/1f449.svg","type":"","width":"","height":""}],"twitter_card":"summary_large_image","twitter_misc":{"Est. reading time":"3 minutes"},"schema":{"@context":"https:\/\/schema.org","@graph":[{"@type":"WebPage","@id":"https:\/\/depierreenpierre.fr\/biens-anciens-a-reims\/","url":"https:\/\/depierreenpierre.fr\/biens-anciens-a-reims\/","name":"Biens anciens \u00e0 vendre \u00e0 Reims | Maisons de caract\u00e8re","isPartOf":{"@id":"https:\/\/depierreenpierre.fr\/#website"},"primaryImageOfPage":{"@id":"https:\/\/depierreenpierre.fr\/biens-anciens-a-reims\/#primaryimage"},"image":{"@id":"https:\/\/depierreenpierre.fr\/biens-anciens-a-reims\/#primaryimage"},"thumbnailUrl":"https:\/\/s.w.org\/images\/core\/emoji\/16.0.1\/svg\/1f449.svg","datePublished":"2025-12-29T07:05:47+00:00","dateModified":"2026-01-08T16:16:24+00:00","description":"D\u00e9couvrez notre s\u00e9lection de biens anciens \u00e0 vendre \u00e0 Reims : maisons de caract\u00e8re, appartements anciens et biens de charme dans les quartiers les plus recherch\u00e9s.","breadcrumb":{"@id":"https:\/\/depierreenpierre.fr\/biens-anciens-a-reims\/#breadcrumb"},"inLanguage":"en-US","potentialAction":[{"@type":"ReadAction","target":["https:\/\/depierreenpierre.fr\/biens-anciens-a-reims\/"]}]},{"@type":"ImageObject","inLanguage":"en-US","@id":"https:\/\/depierreenpierre.fr\/biens-anciens-a-reims\/#primaryimage","url":"https:\/\/s.w.org\/images\/core\/emoji\/16.0.1\/svg\/1f449.svg","contentUrl":"https:\/\/s.w.org\/images\/core\/emoji\/16.0.1\/svg\/1f449.svg"},{"@type":"BreadcrumbList","@id":"https:\/\/depierreenpierre.fr\/biens-anciens-a-reims\/#breadcrumb","itemListElement":[{"@type":"ListItem","position":1,"name":"Accueil","item":"https:\/\/depierreenpierre.fr\/"},{"@type":"ListItem","position":2,"name":"Biens anciens \u00e0 Reims"}]},{"@type":"WebSite","@id":"https:\/\/depierreenpierre.fr\/#website","url":"https:\/\/depierreenpierre.fr\/","name":"depierreenpierre.fr","description":"Plateforme d&#039;annonces immobili\u00e8res sp\u00e9cialis\u00e9e en biens anciens","publisher":{"@id":"https:\/\/depierreenpierre.fr\/#organization"},"potentialAction":[{"@type":"SearchAction","target":{"@type":"EntryPoint","urlTemplate":"https:\/\/depierreenpierre.fr\/?s={search_term_string}"},"query-input":{"@type":"PropertyValueSpecification","valueRequired":true,"valueName":"search_term_string"}}],"inLanguage":"en-US"},{"@type":"Organization","@id":"https:\/\/depierreenpierre.fr\/#organization","name":"depierreenpierre.fr","url":"https:\/\/depierreenpierre.fr\/","logo":{"@type":"ImageObject","inLanguage":"en-US","@id":"https:\/\/depierreenpierre.fr\/#\/schema\/logo\/image\/","url":"https:\/\/depierreenpierre.fr\/wp-content\/uploads\/2025\/10\/Gemini_Generated_Image_onwkifonwkifonwk.png","contentUrl":"https:\/\/depierreenpierre.fr\/wp-content\/uploads\/2025\/10\/Gemini_Generated_Image_onwkifonwkifonwk.png","width":1024,"height":1024,"caption":"depierreenpierre.fr"},"image":{"@id":"https:\/\/depierreenpierre.fr\/#\/schema\/logo\/image\/"},"sameAs":["https:\/\/www.instagram.com\/depierreenpierre\/"]}]}},"_links":{"self":[{"href":"https:\/\/depierreenpierre.fr\/en\/wp-json\/wp\/v2\/pages\/20571","targetHints":{"allow":["GET"]}}],"collection":[{"href":"https:\/\/depierreenpierre.fr\/en\/wp-json\/wp\/v2\/pages"}],"about":[{"href":"https:\/\/depierreenpierre.fr\/en\/wp-json\/wp\/v2\/types\/page"}],"author":[{"embeddable":true,"href":"https:\/\/depierreenpierre.fr\/en\/wp-json\/wp\/v2\/users\/4"}],"replies":[{"embeddable":true,"href":"https:\/\/depierreenpierre.fr\/en\/wp-json\/wp\/v2\/comments?post=20571"}],"version-history":[{"count":1,"href":"https:\/\/depierreenpierre.fr\/en\/wp-json\/wp\/v2\/pages\/20571\/revisions"}],"predecessor-version":[{"id":20958,"href":"https:\/\/depierreenpierre.fr\/en\/wp-json\/wp\/v2\/pages\/20571\/revisions\/20958"}],"wp:attachment":[{"href":"https:\/\/depierreenpierre.fr\/en\/wp-json\/wp\/v2\/media?parent=20571"}],"curies":[{"name":"wp","href":"https:\/\/api.w.org\/{rel}","templated":true}]}}