{"id":21629,"date":"2026-01-19T11:16:28","date_gmt":"2026-01-19T11:16:28","guid":{"rendered":"https:\/\/depierreenpierre.fr\/?page_id=21629"},"modified":"2026-01-19T11:16:29","modified_gmt":"2026-01-19T11:16:29","slug":"acheter-manoir","status":"publish","type":"page","link":"https:\/\/depierreenpierre.fr\/en\/acheter-manoir\/","title":{"rendered":"Manoir"},"content":{"rendered":"","protected":false},"excerpt":{"rendered":"","protected":false},"author":1,"featured_media":0,"parent":0,"menu_order":19,"comment_status":"closed","ping_status":"closed","template":"template\/template-homepage.php","meta":{"content-type":"","footnotes":""},"class_list":["post-21629","page","type-page","status-publish","hentry"],"yoast_head":"<!-- This site is optimized with the Yoast SEO plugin v26.8 - https:\/\/yoast.com\/product\/yoast-seo-wordpress\/ -->\n<title>Manoir \u00e0 vendre | Demeures anciennes de caract\u00e8re<\/title>\n<meta name=\"description\" content=\"Manoirs anciens \u00e0 vendre : \u00e9l\u00e9gance, pierre et patrimoine historique.\" \/>\n<meta name=\"robots\" content=\"index, follow, max-snippet:-1, max-image-preview:large, max-video-preview:-1\" \/>\n<link rel=\"canonical\" href=\"https:\/\/depierreenpierre.fr\/en\/acheter-manoir\/\" \/>\n<meta property=\"og:locale\" content=\"en_US\" \/>\n<meta property=\"og:type\" content=\"article\" \/>\n<meta property=\"og:title\" content=\"Manoir \u00e0 vendre | Demeures anciennes de caract\u00e8re\" \/>\n<meta property=\"og:description\" content=\"Manoirs anciens \u00e0 vendre : \u00e9l\u00e9gance, pierre et patrimoine historique.\" \/>\n<meta property=\"og:url\" content=\"https:\/\/depierreenpierre.fr\/en\/acheter-manoir\/\" \/>\n<meta property=\"og:site_name\" content=\"depierreenpierre.fr\" \/>\n<meta property=\"article:modified_time\" content=\"2026-01-19T11:16:29+00:00\" \/>\n<meta name=\"twitter:card\" content=\"summary_large_image\" \/>\n<script type=\"application\/ld+json\" class=\"yoast-schema-graph\">{\"@context\":\"https:\/\/schema.org\",\"@graph\":[{\"@type\":\"WebPage\",\"@id\":\"https:\/\/depierreenpierre.fr\/acheter-manoir\/\",\"url\":\"https:\/\/depierreenpierre.fr\/acheter-manoir\/\",\"name\":\"Manoir \u00e0 vendre | Demeures anciennes de caract\u00e8re\",\"isPartOf\":{\"@id\":\"https:\/\/depierreenpierre.fr\/#website\"},\"datePublished\":\"2026-01-19T11:16:28+00:00\",\"dateModified\":\"2026-01-19T11:16:29+00:00\",\"description\":\"Manoirs anciens \u00e0 vendre : \u00e9l\u00e9gance, pierre et patrimoine historique.\",\"breadcrumb\":{\"@id\":\"https:\/\/depierreenpierre.fr\/acheter-manoir\/#breadcrumb\"},\"inLanguage\":\"en-US\",\"potentialAction\":[{\"@type\":\"ReadAction\",\"target\":[\"https:\/\/depierreenpierre.fr\/acheter-manoir\/\"]}]},{\"@type\":\"BreadcrumbList\",\"@id\":\"https:\/\/depierreenpierre.fr\/acheter-manoir\/#breadcrumb\",\"itemListElement\":[{\"@type\":\"ListItem\",\"position\":1,\"name\":\"Accueil\",\"item\":\"https:\/\/depierreenpierre.fr\/\"},{\"@type\":\"ListItem\",\"position\":2,\"name\":\"Manoir\"}]},{\"@type\":\"WebSite\",\"@id\":\"https:\/\/depierreenpierre.fr\/#website\",\"url\":\"https:\/\/depierreenpierre.fr\/\",\"name\":\"depierreenpierre.fr\",\"description\":\"Plateforme d&#039;annonces immobili\u00e8res sp\u00e9cialis\u00e9e en biens anciens\",\"publisher\":{\"@id\":\"https:\/\/depierreenpierre.fr\/#organization\"},\"potentialAction\":[{\"@type\":\"SearchAction\",\"target\":{\"@type\":\"EntryPoint\",\"urlTemplate\":\"https:\/\/depierreenpierre.fr\/?s={search_term_string}\"},\"query-input\":{\"@type\":\"PropertyValueSpecification\",\"valueRequired\":true,\"valueName\":\"search_term_string\"}}],\"inLanguage\":\"en-US\"},{\"@type\":\"Organization\",\"@id\":\"https:\/\/depierreenpierre.fr\/#organization\",\"name\":\"depierreenpierre.fr\",\"url\":\"https:\/\/depierreenpierre.fr\/\",\"logo\":{\"@type\":\"ImageObject\",\"inLanguage\":\"en-US\",\"@id\":\"https:\/\/depierreenpierre.fr\/#\/schema\/logo\/image\/\",\"url\":\"https:\/\/depierreenpierre.fr\/wp-content\/uploads\/2025\/10\/Gemini_Generated_Image_onwkifonwkifonwk.png\",\"contentUrl\":\"https:\/\/depierreenpierre.fr\/wp-content\/uploads\/2025\/10\/Gemini_Generated_Image_onwkifonwkifonwk.png\",\"width\":1024,\"height\":1024,\"caption\":\"depierreenpierre.fr\"},\"image\":{\"@id\":\"https:\/\/depierreenpierre.fr\/#\/schema\/logo\/image\/\"},\"sameAs\":[\"https:\/\/www.instagram.com\/depierreenpierre\/\"]}]}<\/script>\n<!-- \/ Yoast SEO plugin. -->","yoast_head_json":{"title":"Manoir \u00e0 vendre | Demeures anciennes de caract\u00e8re","description":"Manoirs anciens \u00e0 vendre : \u00e9l\u00e9gance, pierre et patrimoine historique.","robots":{"index":"index","follow":"follow","max-snippet":"max-snippet:-1","max-image-preview":"max-image-preview:large","max-video-preview":"max-video-preview:-1"},"canonical":"https:\/\/depierreenpierre.fr\/en\/acheter-manoir\/","og_locale":"en_US","og_type":"article","og_title":"Manoir \u00e0 vendre | Demeures anciennes de caract\u00e8re","og_description":"Manoirs anciens \u00e0 vendre : \u00e9l\u00e9gance, pierre et patrimoine historique.","og_url":"https:\/\/depierreenpierre.fr\/en\/acheter-manoir\/","og_site_name":"depierreenpierre.fr","article_modified_time":"2026-01-19T11:16:29+00:00","twitter_card":"summary_large_image","schema":{"@context":"https:\/\/schema.org","@graph":[{"@type":"WebPage","@id":"https:\/\/depierreenpierre.fr\/acheter-manoir\/","url":"https:\/\/depierreenpierre.fr\/acheter-manoir\/","name":"Manoir \u00e0 vendre | Demeures anciennes de caract\u00e8re","isPartOf":{"@id":"https:\/\/depierreenpierre.fr\/#website"},"datePublished":"2026-01-19T11:16:28+00:00","dateModified":"2026-01-19T11:16:29+00:00","description":"Manoirs anciens \u00e0 vendre : \u00e9l\u00e9gance, pierre et patrimoine historique.","breadcrumb":{"@id":"https:\/\/depierreenpierre.fr\/acheter-manoir\/#breadcrumb"},"inLanguage":"en-US","potentialAction":[{"@type":"ReadAction","target":["https:\/\/depierreenpierre.fr\/acheter-manoir\/"]}]},{"@type":"BreadcrumbList","@id":"https:\/\/depierreenpierre.fr\/acheter-manoir\/#breadcrumb","itemListElement":[{"@type":"ListItem","position":1,"name":"Accueil","item":"https:\/\/depierreenpierre.fr\/"},{"@type":"ListItem","position":2,"name":"Manoir"}]},{"@type":"WebSite","@id":"https:\/\/depierreenpierre.fr\/#website","url":"https:\/\/depierreenpierre.fr\/","name":"depierreenpierre.fr","description":"Plateforme d&#039;annonces immobili\u00e8res sp\u00e9cialis\u00e9e en biens anciens","publisher":{"@id":"https:\/\/depierreenpierre.fr\/#organization"},"potentialAction":[{"@type":"SearchAction","target":{"@type":"EntryPoint","urlTemplate":"https:\/\/depierreenpierre.fr\/?s={search_term_string}"},"query-input":{"@type":"PropertyValueSpecification","valueRequired":true,"valueName":"search_term_string"}}],"inLanguage":"en-US"},{"@type":"Organization","@id":"https:\/\/depierreenpierre.fr\/#organization","name":"depierreenpierre.fr","url":"https:\/\/depierreenpierre.fr\/","logo":{"@type":"ImageObject","inLanguage":"en-US","@id":"https:\/\/depierreenpierre.fr\/#\/schema\/logo\/image\/","url":"https:\/\/depierreenpierre.fr\/wp-content\/uploads\/2025\/10\/Gemini_Generated_Image_onwkifonwkifonwk.png","contentUrl":"https:\/\/depierreenpierre.fr\/wp-content\/uploads\/2025\/10\/Gemini_Generated_Image_onwkifonwkifonwk.png","width":1024,"height":1024,"caption":"depierreenpierre.fr"},"image":{"@id":"https:\/\/depierreenpierre.fr\/#\/schema\/logo\/image\/"},"sameAs":["https:\/\/www.instagram.com\/depierreenpierre\/"]}]}},"_links":{"self":[{"href":"https:\/\/depierreenpierre.fr\/en\/wp-json\/wp\/v2\/pages\/21629","targetHints":{"allow":["GET"]}}],"collection":[{"href":"https:\/\/depierreenpierre.fr\/en\/wp-json\/wp\/v2\/pages"}],"about":[{"href":"https:\/\/depierreenpierre.fr\/en\/wp-json\/wp\/v2\/types\/page"}],"author":[{"embeddable":true,"href":"https:\/\/depierreenpierre.fr\/en\/wp-json\/wp\/v2\/users\/1"}],"replies":[{"embeddable":true,"href":"https:\/\/depierreenpierre.fr\/en\/wp-json\/wp\/v2\/comments?post=21629"}],"version-history":[{"count":1,"href":"https:\/\/depierreenpierre.fr\/en\/wp-json\/wp\/v2\/pages\/21629\/revisions"}],"predecessor-version":[{"id":21630,"href":"https:\/\/depierreenpierre.fr\/en\/wp-json\/wp\/v2\/pages\/21629\/revisions\/21630"}],"wp:attachment":[{"href":"https:\/\/depierreenpierre.fr\/en\/wp-json\/wp\/v2\/media?parent=21629"}],"curies":[{"name":"wp","href":"https:\/\/api.w.org\/{rel}","templated":true}]}}