{"id":22791,"date":"2026-03-08T09:00:36","date_gmt":"2026-03-08T09:00:36","guid":{"rendered":"https:\/\/depierreenpierre.fr\/?page_id=22791"},"modified":"2026-03-08T09:03:21","modified_gmt":"2026-03-08T09:03:21","slug":"maisons-en-pierre-a-vendre-dans-l-ariege","status":"publish","type":"page","link":"https:\/\/depierreenpierre.fr\/en\/maisons-en-pierre-a-vendre\/maisons-en-pierre-a-vendre-dans-l-ariege\/","title":{"rendered":"Maisons en pierre \u00e0 vendre dans l&#8217;Ari\u00e8ge"},"content":{"rendered":"<div data-elementor-type=\"wp-page\" data-elementor-id=\"22791\" class=\"elementor elementor-22791\">\n\t\t\t\t<div class=\"elementor-element elementor-element-c607cec e-flex e-con-boxed e-con e-parent\" data-id=\"c607cec\" data-element_type=\"container\" data-e-type=\"container\" data-settings=\"{&quot;background_background&quot;:&quot;classic&quot;}\">\n\t\t\t\t\t<div class=\"e-con-inner\">\n\t\t<div class=\"elementor-element elementor-element-eeb5d1c e-con-full e-flex e-con e-child\" data-id=\"eeb5d1c\" data-element_type=\"container\" data-e-type=\"container\">\n\t\t<div class=\"elementor-element elementor-element-c1bcab1 e-con-full e-flex e-con e-child\" data-id=\"c1bcab1\" data-element_type=\"container\" data-e-type=\"container\">\n\t\t<div class=\"elementor-element elementor-element-33952c3 e-con-full e-flex e-con e-child\" data-id=\"33952c3\" data-element_type=\"container\" data-e-type=\"container\">\n\t\t\t\t<div class=\"elementor-element elementor-element-31cfbd7 animated-fast elementor-invisible elementor-widget elementor-widget-heading\" data-id=\"31cfbd7\" data-element_type=\"widget\" data-e-type=\"widget\" data-settings=\"{&quot;_animation&quot;:&quot;fadeInUp&quot;}\" data-widget_type=\"heading.default\">\n\t\t\t\t\t<h1 class=\"elementor-heading-title elementor-size-default\">Maisons en pierre \u00e0 vendre en Ari\u00e8ge<\/h1>\t\t\t\t<\/div>\n\t\t\t\t<div class=\"elementor-element elementor-element-8acbcb9 elementor-widget elementor-widget-image\" data-id=\"8acbcb9\" data-element_type=\"widget\" data-e-type=\"widget\" data-widget_type=\"image.default\">\n\t\t\t\t\t\t\t\t\t\t\t\t\t\t\t<img decoding=\"async\" src=\"https:\/\/depierreenpierre.fr\/wp-content\/uploads\/elementor\/thumbs\/80f41b6985c3049ad9d221f4ec559d9f-2500x1408-departements-09-ariege-tarascon-sur-ariege-istock-jackf-1291596623-rk76ni1rjtzpv1maxtgd1knj17yrr1swcs9ztbyc94.avif\" title=\"80f41b6985c3049ad9d221f4ec559d9f-2500&#215;1408-departements-09-ariege-tarascon-sur-ariege-istock-jackf-1291596623\" alt=\"Maisons a vendre en ariege\" loading=\"lazy\" \/>\t\t\t\t\t\t\t\t\t\t\t\t\t\t\t<\/div>\n\t\t\t\t<\/div>\n\t\t<div class=\"elementor-element elementor-element-b7beb8b e-con-full e-flex e-con e-child\" data-id=\"b7beb8b\" data-element_type=\"container\" data-e-type=\"container\">\n\t\t\t\t<div class=\"elementor-element elementor-element-6ed2228 animated-fast elementor-invisible elementor-widget elementor-widget-text-editor\" data-id=\"6ed2228\" data-element_type=\"widget\" data-e-type=\"widget\" data-settings=\"{&quot;_animation&quot;:&quot;fadeInUp&quot;,&quot;_animation_delay&quot;:200}\" data-widget_type=\"text-editor.default\">\n\t\t\t\t\t\t\t\t\t<p data-start=\"879\" data-end=\"1416\">Situ\u00e9e au c\u0153ur de l\u2019Occitanie, l\u2019Ari\u00e8ge est un territoire pr\u00e9serv\u00e9 o\u00f9 la nature domine et o\u00f9 l\u2019immobilier de caract\u00e8re attire de plus en plus d\u2019amoureux de patrimoine et d\u2019authenticit\u00e9. Acheter une maison en pierre en Ari\u00e8ge, c\u2019est choisir un cadre de vie unique, entre montagnes majestueuses, vall\u00e9es verdoyantes et villages charg\u00e9s d\u2019histoire. Ce d\u00e9partement s\u00e9duit autant les personnes en qu\u00eate d\u2019une r\u00e9sidence principale au calme que celles qui souhaitent acqu\u00e9rir une r\u00e9sidence secondaire dans un environnement naturel exceptionnel.<\/p><p data-start=\"1418\" data-end=\"1916\">L\u2019Ari\u00e8ge est r\u00e9put\u00e9e pour ses paysages sauvages et son patrimoine architectural rural. On y trouve de nombreuses fermes anciennes, granges r\u00e9nov\u00e9es et maisons traditionnelles construites en pierre locale. Ces habitations offrent un charme incomparable, avec leurs murs \u00e9pais, leurs poutres apparentes et leur architecture typique des Pyr\u00e9n\u00e9es. Les maisons en pierre de l\u2019Ari\u00e8ge s\u00e9duisent pour leur authenticit\u00e9 mais aussi pour leur capacit\u00e9 \u00e0 s\u2019int\u00e9grer harmonieusement dans le paysage environnant.<\/p><p data-start=\"1918\" data-end=\"2388\">Le d\u00e9partement propose une grande diversit\u00e9 de biens immobiliers de caract\u00e8re. Dans les vall\u00e9es et les villages traditionnels, il est possible de trouver de belles maisons anciennes restaur\u00e9es avec go\u00fbt, offrant de grands espaces de vie et des terrains g\u00e9n\u00e9reux. Dans les zones plus montagneuses, certaines anciennes granges ou fermes ont \u00e9t\u00e9 transform\u00e9es en habitations pleines de charme, id\u00e9ales pour ceux qui recherchent un cadre de vie paisible au c\u0153ur de la nature.<\/p><p data-start=\"2390\" data-end=\"2830\">Les amateurs de nature et d\u2019activit\u00e9s de plein air sont particuli\u00e8rement attir\u00e9s par l\u2019Ari\u00e8ge. Le d\u00e9partement est domin\u00e9 par le massif des Pyr\u00e9n\u00e9es et abrite de nombreux espaces naturels prot\u00e9g\u00e9s. Le Parc naturel r\u00e9gional des Pyr\u00e9n\u00e9es Ari\u00e9geoises offre des paysages spectaculaires et une biodiversit\u00e9 remarquable. Randonn\u00e9e, ski, v\u00e9lo, escalade ou encore observation de la faune sauvage font partie des activit\u00e9s qui rythment la vie locale.<\/p><p data-start=\"2832\" data-end=\"3355\">Au-del\u00e0 de sa nature pr\u00e9serv\u00e9e, l\u2019Ari\u00e8ge poss\u00e8de \u00e9galement un patrimoine culturel riche. Les villes et villages comme Foix, Saint-Girons ou Mirepoix t\u00e9moignent d\u2019un pass\u00e9 historique important. Le ch\u00e2teau de Foix, les bastides m\u00e9di\u00e9vales ou encore les march\u00e9s traditionnels participent au charme et \u00e0 l\u2019identit\u00e9 du territoire. Cette richesse culturelle attire chaque ann\u00e9e de nombreux visiteurs, mais l\u2019Ari\u00e8ge reste un d\u00e9partement encore relativement confidentiel, loin de la forte pression touristique de certaines r\u00e9gions.<\/p><p data-start=\"3357\" data-end=\"3810\">L\u2019immobilier en Ari\u00e8ge reste aussi plus accessible que dans de nombreux d\u00e9partements voisins. Cela permet d\u2019acqu\u00e9rir des propri\u00e9t\u00e9s de caract\u00e8re avec de beaux volumes et parfois de grands terrains, tout en conservant un budget raisonnable. Les maisons en pierre, tr\u00e8s pr\u00e9sentes dans les campagnes ari\u00e9geoises, repr\u00e9sentent ainsi une excellente opportunit\u00e9 pour les personnes souhaitant investir dans un bien authentique ou mener un projet de r\u00e9novation.<\/p><p data-start=\"3812\" data-end=\"4237\">Les villages ari\u00e9geois conservent une atmosph\u00e8re conviviale et un mode de vie tourn\u00e9 vers la nature et les traditions locales. March\u00e9s de producteurs, f\u00eates de village et circuits courts participent \u00e0 cette qualit\u00e9 de vie recherch\u00e9e. De plus en plus de personnes choisissent aujourd\u2019hui de s\u2019installer dans l\u2019Ari\u00e8ge pour profiter d\u2019un environnement plus serein tout en restant \u00e0 proximit\u00e9 de villes dynamiques comme Toulouse.<\/p><p data-start=\"4239\" data-end=\"4582\">Que vous recherchiez une ferme traditionnelle, une maison de village pleine de charme ou une propri\u00e9t\u00e9 en pierre avec vue sur les montagnes, l\u2019Ari\u00e8ge offre de nombreuses opportunit\u00e9s immobili\u00e8res. Parcourez nos annonces de maisons en pierre en Ari\u00e8ge et laissez-vous s\u00e9duire par l\u2019authenticit\u00e9 et le caract\u00e8re unique de ce territoire pyr\u00e9n\u00e9en.<\/p>\t\t\t\t\t\t\t\t<\/div>\n\t\t\t\t<div class=\"elementor-element elementor-element-6431975 elementor-widget-divider--view-line_icon animated-fast elementor-view-default elementor-widget-divider--element-align-center elementor-invisible elementor-widget elementor-widget-divider\" data-id=\"6431975\" data-element_type=\"widget\" data-e-type=\"widget\" data-settings=\"{&quot;_animation&quot;:&quot;fadeInUp&quot;}\" data-widget_type=\"divider.default\">\n\t\t\t\t\t\t\t<div class=\"elementor-divider\">\n\t\t\t<span class=\"elementor-divider-separator\">\n\t\t\t\t\t\t\t<div class=\"elementor-icon elementor-divider__element\">\n\t\t\t\t\t<\/div>\n\t\t\t\t\t\t<\/span>\n\t\t<\/div>\n\t\t\t\t\t\t<\/div>\n\t\t<div class=\"elementor-element elementor-element-198d9d4 e-con-full e-flex e-con e-child\" data-id=\"198d9d4\" data-element_type=\"container\" data-e-type=\"container\">\n\t\t<div class=\"elementor-element elementor-element-385200d e-con-full e-flex e-con e-child\" data-id=\"385200d\" data-element_type=\"container\" data-e-type=\"container\">\n\t\t\t\t<div class=\"elementor-element elementor-element-b56299b animated-fast elementor-invisible elementor-widget elementor-widget-heading\" data-id=\"b56299b\" data-element_type=\"widget\" data-e-type=\"widget\" data-settings=\"{&quot;_animation&quot;:&quot;fadeInUp&quot;}\" data-widget_type=\"heading.default\">\n\t\t\t\t\t<h2 class=\"elementor-heading-title elementor-size-default\">Nos r\u00e9gions ont du talent<\/h2>\t\t\t\t<\/div>\n\t\t\t\t<div class=\"elementor-element elementor-element-1f7933c animated-fast elementor-invisible elementor-widget elementor-widget-heading\" data-id=\"1f7933c\" data-element_type=\"widget\" data-e-type=\"widget\" data-settings=\"{&quot;_animation&quot;:&quot;fadeInUp&quot;,&quot;_animation_delay&quot;:200}\" data-widget_type=\"heading.default\">\n\t\t\t\t\t<h2 class=\"elementor-heading-title elementor-size-default\">Retrouvez les plus belles maisons en vente  de votre d\u00e9partement <\/h2>\t\t\t\t<\/div>\n\t\t\t\t<\/div>\n\t\t\t\t<\/div>\n\t\t\t\t<\/div>\n\t\t\t\t<\/div>\n\t\t\t\t<\/div>\n\t\t\t\t\t<\/div>\n\t\t\t\t<\/div>\n\t\t<div class=\"elementor-element elementor-element-78874aa e-flex e-con-boxed e-con e-parent\" data-id=\"78874aa\" data-element_type=\"container\" data-e-type=\"container\">\n\t\t\t\t\t<div class=\"e-con-inner\">\n\t\t\t\t<div class=\"elementor-element elementor-element-db16fad elementor-widget elementor-widget-houzez_elementor_properties_carousel_v2\" data-id=\"db16fad\" data-element_type=\"widget\" data-e-type=\"widget\" data-widget_type=\"houzez_elementor_properties_carousel_v2.default\">\n\t\t\t\t<div class=\"elementor-widget-container\">\n\t\t\t\t\t        <div class=\"property-carousel-module property-carousel-module-v1 property-carousel-module-v1-3cols houzez-carousel-arrows-Eujum\">\n            <div class=\"property-carousel-buttons-wrap\">\n                                <button type=\"button\" class=\"slick-prev-js-Eujum slick-prev btn-primary-outlined\">Prev<\/button>\n                <button type=\"button\" class=\"slick-next-js-Eujum slick-next btn-primary-outlined\">\u00c9tape suivante<\/button>\n                                            <\/div><!-- property-carousel-buttons-wrap -->\n\n            <div class=\"listing-view grid-view\">\n                <div id=\"houzez-properties-carousel-Eujum\" data-token=\"Eujum\" class=\"houzez-properties-carousel-js houzez-all-slider-wrap property-carousel-wrap-v1-3cols\">\n                                    <\/div><!-- carousel-wrap -->\n            <\/div><!-- listing-view grid-view -->\n            \n                    <\/div><!-- property-carousel-module -->\n        \t\t\t\t<\/div>\n\t\t\t\t<\/div>\n\t\t\t\t\t<\/div>\n\t\t\t\t<\/div>\n\t\t<div class=\"elementor-element elementor-element-e76ecea e-flex e-con-boxed e-con e-parent\" data-id=\"e76ecea\" data-element_type=\"container\" data-e-type=\"container\">\n\t\t\t\t\t<div class=\"e-con-inner\">\n\t\t\t\t<div class=\"elementor-element elementor-element-110fa24 elementor-widget elementor-widget-heading\" data-id=\"110fa24\" data-element_type=\"widget\" data-e-type=\"widget\" data-widget_type=\"heading.default\">\n\t\t\t\t\t<h2 class=\"elementor-heading-title elementor-size-default\">Vous souhaitez \u00e9largir votre recherche ?<\/h2>\t\t\t\t<\/div>\n\t\t\t\t\t<\/div>\n\t\t\t\t<\/div>\n\t\t<div class=\"elementor-element elementor-element-1b30703 e-flex e-con-boxed e-con e-parent\" data-id=\"1b30703\" data-element_type=\"container\" data-e-type=\"container\">\n\t\t\t\t\t<div class=\"e-con-inner\">\n\t\t\t\t<div class=\"elementor-element elementor-element-d6ad094 elementor-widget elementor-widget-text-editor\" data-id=\"d6ad094\" data-element_type=\"widget\" data-e-type=\"widget\" data-widget_type=\"text-editor.default\">\n\t\t\t\t\t\t\t\t\t<p>D\u00e9couvrez \u00e9galement nos <a href=\"https:\/\/depierreenpierre.fr\/en\/maisons-en-pierre-a-vendre\/\"><strong data-start=\"5646\" data-end=\"5688\">maisons en pierre \u00e0 vendre en France<\/strong>\u00a0<\/a>ou Poursuivez votre recherche avec nos <strong data-start=\"4232\" data-end=\"4272\">maisons en pierre \u00e0 vendre en France<\/strong> ou d\u00e9couvrez nos s\u00e9lections en <strong data-start=\"4304\" data-end=\"4326\">Nouvelle-Aquitaine<\/strong> et en <strong data-start=\"4333\" data-end=\"4363\">Provence-Alpes-C\u00f4te d\u2019Azur<\/strong>.<\/p>\t\t\t\t\t\t\t\t<\/div>\n\t\t\t\t\t<\/div>\n\t\t\t\t<\/div>\n\t\t\t\t<\/div>","protected":false},"excerpt":{"rendered":"<p>Maisons en pierre \u00e0 vendre en Ari\u00e8ge Situ\u00e9e au c\u0153ur de l\u2019Occitanie, l\u2019Ari\u00e8ge est un territoire pr\u00e9serv\u00e9 o\u00f9 la nature domine et o\u00f9 l\u2019immobilier de caract\u00e8re attire de plus en plus d\u2019amoureux de patrimoine et d\u2019authenticit\u00e9. Acheter une maison en pierre en Ari\u00e8ge, c\u2019est choisir un cadre de vie unique, entre montagnes majestueuses, vall\u00e9es verdoyantes [&hellip;]<\/p>","protected":false},"author":1,"featured_media":0,"parent":20710,"menu_order":0,"comment_status":"closed","ping_status":"closed","template":"template\/template-homepage.php","meta":{"content-type":"","footnotes":""},"class_list":["post-22791","page","type-page","status-publish","hentry"],"yoast_head":"<!-- This site is optimized with the Yoast SEO plugin v27.4 - https:\/\/yoast.com\/product\/yoast-seo-wordpress\/ -->\n<title>Maison en pierre \u00e0 vendre dans l&#039;Ari\u00e8ge \u2013 Annonces immobili\u00e8res<\/title>\n<meta name=\"description\" content=\"D\u00e9couvrez nos annonces de maisons en pierre en Ari\u00e8ge : fermes r\u00e9nov\u00e9es, maisons de caract\u00e8re et propri\u00e9t\u00e9s authentiques au c\u0153ur des Pyr\u00e9n\u00e9es et de la nature.\" \/>\n<meta name=\"robots\" content=\"index, follow, max-snippet:-1, max-image-preview:large, max-video-preview:-1\" \/>\n<link rel=\"canonical\" href=\"https:\/\/depierreenpierre.fr\/en\/maisons-en-pierre-a-vendre\/maisons-en-pierre-a-vendre-dans-l-ariege\/\" \/>\n<meta property=\"og:locale\" content=\"en_US\" \/>\n<meta property=\"og:type\" content=\"article\" \/>\n<meta property=\"og:title\" content=\"Maison en pierre \u00e0 vendre dans l&#039;Ari\u00e8ge \u2013 Annonces immobili\u00e8res\" \/>\n<meta property=\"og:description\" content=\"D\u00e9couvrez nos annonces de maisons en pierre en Ari\u00e8ge : fermes r\u00e9nov\u00e9es, maisons de caract\u00e8re et propri\u00e9t\u00e9s authentiques au c\u0153ur des Pyr\u00e9n\u00e9es et de la nature.\" \/>\n<meta property=\"og:url\" content=\"https:\/\/depierreenpierre.fr\/en\/maisons-en-pierre-a-vendre\/maisons-en-pierre-a-vendre-dans-l-ariege\/\" \/>\n<meta property=\"og:site_name\" content=\"depierreenpierre.fr\" \/>\n<meta property=\"article:modified_time\" content=\"2026-03-08T09:03:21+00:00\" \/>\n<meta property=\"og:image\" content=\"https:\/\/depierreenpierre.fr\/wp-content\/uploads\/elementor\/thumbs\/80f41b6985c3049ad9d221f4ec559d9f-2500x1408-departements-09-ariege-tarascon-sur-ariege-istock-jackf-1291596623-rk76ni1rjtzpv1maxtgd1knj17yrr1swcs9ztbyc94.avif\" \/>\n<meta name=\"twitter:card\" content=\"summary_large_image\" \/>\n<meta name=\"twitter:label1\" content=\"Est. reading time\" \/>\n\t<meta name=\"twitter:data1\" content=\"1 minute\" \/>\n<script type=\"application\/ld+json\" class=\"yoast-schema-graph\">{\"@context\":\"https:\\\/\\\/schema.org\",\"@graph\":[{\"@type\":\"WebPage\",\"@id\":\"https:\\\/\\\/depierreenpierre.fr\\\/maisons-en-pierre-a-vendre\\\/maisons-en-pierre-a-vendre-dans-l-ariege\\\/\",\"url\":\"https:\\\/\\\/depierreenpierre.fr\\\/maisons-en-pierre-a-vendre\\\/maisons-en-pierre-a-vendre-dans-l-ariege\\\/\",\"name\":\"Maison en pierre \u00e0 vendre dans l'Ari\u00e8ge \u2013 Annonces immobili\u00e8res\",\"isPartOf\":{\"@id\":\"https:\\\/\\\/depierreenpierre.fr\\\/#website\"},\"primaryImageOfPage\":{\"@id\":\"https:\\\/\\\/depierreenpierre.fr\\\/maisons-en-pierre-a-vendre\\\/maisons-en-pierre-a-vendre-dans-l-ariege\\\/#primaryimage\"},\"image\":{\"@id\":\"https:\\\/\\\/depierreenpierre.fr\\\/maisons-en-pierre-a-vendre\\\/maisons-en-pierre-a-vendre-dans-l-ariege\\\/#primaryimage\"},\"thumbnailUrl\":\"https:\\\/\\\/depierreenpierre.fr\\\/wp-content\\\/uploads\\\/elementor\\\/thumbs\\\/80f41b6985c3049ad9d221f4ec559d9f-2500x1408-departements-09-ariege-tarascon-sur-ariege-istock-jackf-1291596623-rk76ni1rjtzpv1maxtgd1knj17yrr1swcs9ztbyc94.avif\",\"datePublished\":\"2026-03-08T09:00:36+00:00\",\"dateModified\":\"2026-03-08T09:03:21+00:00\",\"description\":\"D\u00e9couvrez nos annonces de maisons en pierre en Ari\u00e8ge : fermes r\u00e9nov\u00e9es, maisons de caract\u00e8re et propri\u00e9t\u00e9s authentiques au c\u0153ur des Pyr\u00e9n\u00e9es et de la nature.\",\"breadcrumb\":{\"@id\":\"https:\\\/\\\/depierreenpierre.fr\\\/maisons-en-pierre-a-vendre\\\/maisons-en-pierre-a-vendre-dans-l-ariege\\\/#breadcrumb\"},\"inLanguage\":\"en-US\",\"potentialAction\":[{\"@type\":\"ReadAction\",\"target\":[\"https:\\\/\\\/depierreenpierre.fr\\\/maisons-en-pierre-a-vendre\\\/maisons-en-pierre-a-vendre-dans-l-ariege\\\/\"]}]},{\"@type\":\"ImageObject\",\"inLanguage\":\"en-US\",\"@id\":\"https:\\\/\\\/depierreenpierre.fr\\\/maisons-en-pierre-a-vendre\\\/maisons-en-pierre-a-vendre-dans-l-ariege\\\/#primaryimage\",\"url\":\"https:\\\/\\\/depierreenpierre.fr\\\/wp-content\\\/uploads\\\/elementor\\\/thumbs\\\/80f41b6985c3049ad9d221f4ec559d9f-2500x1408-departements-09-ariege-tarascon-sur-ariege-istock-jackf-1291596623-rk76ni1rjtzpv1maxtgd1knj17yrr1swcs9ztbyc94.avif\",\"contentUrl\":\"https:\\\/\\\/depierreenpierre.fr\\\/wp-content\\\/uploads\\\/elementor\\\/thumbs\\\/80f41b6985c3049ad9d221f4ec559d9f-2500x1408-departements-09-ariege-tarascon-sur-ariege-istock-jackf-1291596623-rk76ni1rjtzpv1maxtgd1knj17yrr1swcs9ztbyc94.avif\"},{\"@type\":\"BreadcrumbList\",\"@id\":\"https:\\\/\\\/depierreenpierre.fr\\\/maisons-en-pierre-a-vendre\\\/maisons-en-pierre-a-vendre-dans-l-ariege\\\/#breadcrumb\",\"itemListElement\":[{\"@type\":\"ListItem\",\"position\":1,\"name\":\"Accueil\",\"item\":\"https:\\\/\\\/depierreenpierre.fr\\\/\"},{\"@type\":\"ListItem\",\"position\":2,\"name\":\"Maisons en pierre \u00e0 vendre en France\",\"item\":\"https:\\\/\\\/depierreenpierre.fr\\\/maisons-en-pierre-a-vendre\\\/\"},{\"@type\":\"ListItem\",\"position\":3,\"name\":\"Maisons en pierre \u00e0 vendre dans l&#8217;Ari\u00e8ge\"}]},{\"@type\":\"WebSite\",\"@id\":\"https:\\\/\\\/depierreenpierre.fr\\\/#website\",\"url\":\"https:\\\/\\\/depierreenpierre.fr\\\/\",\"name\":\"depierreenpierre.fr\",\"description\":\"Plateforme d&#039;annonces immobili\u00e8res sp\u00e9cialis\u00e9e en biens anciens\",\"publisher\":{\"@id\":\"https:\\\/\\\/depierreenpierre.fr\\\/#organization\"},\"potentialAction\":[{\"@type\":\"SearchAction\",\"target\":{\"@type\":\"EntryPoint\",\"urlTemplate\":\"https:\\\/\\\/depierreenpierre.fr\\\/?s={search_term_string}\"},\"query-input\":{\"@type\":\"PropertyValueSpecification\",\"valueRequired\":true,\"valueName\":\"search_term_string\"}}],\"inLanguage\":\"en-US\"},{\"@type\":\"Organization\",\"@id\":\"https:\\\/\\\/depierreenpierre.fr\\\/#organization\",\"name\":\"depierreenpierre.fr\",\"url\":\"https:\\\/\\\/depierreenpierre.fr\\\/\",\"logo\":{\"@type\":\"ImageObject\",\"inLanguage\":\"en-US\",\"@id\":\"https:\\\/\\\/depierreenpierre.fr\\\/#\\\/schema\\\/logo\\\/image\\\/\",\"url\":\"https:\\\/\\\/depierreenpierre.fr\\\/wp-content\\\/uploads\\\/2025\\\/10\\\/Gemini_Generated_Image_onwkifonwkifonwk.png\",\"contentUrl\":\"https:\\\/\\\/depierreenpierre.fr\\\/wp-content\\\/uploads\\\/2025\\\/10\\\/Gemini_Generated_Image_onwkifonwkifonwk.png\",\"width\":1024,\"height\":1024,\"caption\":\"depierreenpierre.fr\"},\"image\":{\"@id\":\"https:\\\/\\\/depierreenpierre.fr\\\/#\\\/schema\\\/logo\\\/image\\\/\"},\"sameAs\":[\"https:\\\/\\\/www.instagram.com\\\/depierreenpierre\\\/\"]}]}<\/script>\n<!-- \/ Yoast SEO plugin. -->","yoast_head_json":{"title":"Maison en pierre \u00e0 vendre dans l'Ari\u00e8ge \u2013 Annonces immobili\u00e8res","description":"D\u00e9couvrez nos annonces de maisons en pierre en Ari\u00e8ge : fermes r\u00e9nov\u00e9es, maisons de caract\u00e8re et propri\u00e9t\u00e9s authentiques au c\u0153ur des Pyr\u00e9n\u00e9es et de la nature.","robots":{"index":"index","follow":"follow","max-snippet":"max-snippet:-1","max-image-preview":"max-image-preview:large","max-video-preview":"max-video-preview:-1"},"canonical":"https:\/\/depierreenpierre.fr\/en\/maisons-en-pierre-a-vendre\/maisons-en-pierre-a-vendre-dans-l-ariege\/","og_locale":"en_US","og_type":"article","og_title":"Maison en pierre \u00e0 vendre dans l'Ari\u00e8ge \u2013 Annonces immobili\u00e8res","og_description":"D\u00e9couvrez nos annonces de maisons en pierre en Ari\u00e8ge : fermes r\u00e9nov\u00e9es, maisons de caract\u00e8re et propri\u00e9t\u00e9s authentiques au c\u0153ur des Pyr\u00e9n\u00e9es et de la nature.","og_url":"https:\/\/depierreenpierre.fr\/en\/maisons-en-pierre-a-vendre\/maisons-en-pierre-a-vendre-dans-l-ariege\/","og_site_name":"depierreenpierre.fr","article_modified_time":"2026-03-08T09:03:21+00:00","og_image":[{"url":"https:\/\/depierreenpierre.fr\/wp-content\/uploads\/elementor\/thumbs\/80f41b6985c3049ad9d221f4ec559d9f-2500x1408-departements-09-ariege-tarascon-sur-ariege-istock-jackf-1291596623-rk76ni1rjtzpv1maxtgd1knj17yrr1swcs9ztbyc94.avif","type":"","width":"","height":""}],"twitter_card":"summary_large_image","twitter_misc":{"Est. reading time":"1 minute"},"schema":{"@context":"https:\/\/schema.org","@graph":[{"@type":"WebPage","@id":"https:\/\/depierreenpierre.fr\/maisons-en-pierre-a-vendre\/maisons-en-pierre-a-vendre-dans-l-ariege\/","url":"https:\/\/depierreenpierre.fr\/maisons-en-pierre-a-vendre\/maisons-en-pierre-a-vendre-dans-l-ariege\/","name":"Maison en pierre \u00e0 vendre dans l'Ari\u00e8ge \u2013 Annonces immobili\u00e8res","isPartOf":{"@id":"https:\/\/depierreenpierre.fr\/#website"},"primaryImageOfPage":{"@id":"https:\/\/depierreenpierre.fr\/maisons-en-pierre-a-vendre\/maisons-en-pierre-a-vendre-dans-l-ariege\/#primaryimage"},"image":{"@id":"https:\/\/depierreenpierre.fr\/maisons-en-pierre-a-vendre\/maisons-en-pierre-a-vendre-dans-l-ariege\/#primaryimage"},"thumbnailUrl":"https:\/\/depierreenpierre.fr\/wp-content\/uploads\/elementor\/thumbs\/80f41b6985c3049ad9d221f4ec559d9f-2500x1408-departements-09-ariege-tarascon-sur-ariege-istock-jackf-1291596623-rk76ni1rjtzpv1maxtgd1knj17yrr1swcs9ztbyc94.avif","datePublished":"2026-03-08T09:00:36+00:00","dateModified":"2026-03-08T09:03:21+00:00","description":"D\u00e9couvrez nos annonces de maisons en pierre en Ari\u00e8ge : fermes r\u00e9nov\u00e9es, maisons de caract\u00e8re et propri\u00e9t\u00e9s authentiques au c\u0153ur des Pyr\u00e9n\u00e9es et de la nature.","breadcrumb":{"@id":"https:\/\/depierreenpierre.fr\/maisons-en-pierre-a-vendre\/maisons-en-pierre-a-vendre-dans-l-ariege\/#breadcrumb"},"inLanguage":"en-US","potentialAction":[{"@type":"ReadAction","target":["https:\/\/depierreenpierre.fr\/maisons-en-pierre-a-vendre\/maisons-en-pierre-a-vendre-dans-l-ariege\/"]}]},{"@type":"ImageObject","inLanguage":"en-US","@id":"https:\/\/depierreenpierre.fr\/maisons-en-pierre-a-vendre\/maisons-en-pierre-a-vendre-dans-l-ariege\/#primaryimage","url":"https:\/\/depierreenpierre.fr\/wp-content\/uploads\/elementor\/thumbs\/80f41b6985c3049ad9d221f4ec559d9f-2500x1408-departements-09-ariege-tarascon-sur-ariege-istock-jackf-1291596623-rk76ni1rjtzpv1maxtgd1knj17yrr1swcs9ztbyc94.avif","contentUrl":"https:\/\/depierreenpierre.fr\/wp-content\/uploads\/elementor\/thumbs\/80f41b6985c3049ad9d221f4ec559d9f-2500x1408-departements-09-ariege-tarascon-sur-ariege-istock-jackf-1291596623-rk76ni1rjtzpv1maxtgd1knj17yrr1swcs9ztbyc94.avif"},{"@type":"BreadcrumbList","@id":"https:\/\/depierreenpierre.fr\/maisons-en-pierre-a-vendre\/maisons-en-pierre-a-vendre-dans-l-ariege\/#breadcrumb","itemListElement":[{"@type":"ListItem","position":1,"name":"Accueil","item":"https:\/\/depierreenpierre.fr\/"},{"@type":"ListItem","position":2,"name":"Maisons en pierre \u00e0 vendre en France","item":"https:\/\/depierreenpierre.fr\/maisons-en-pierre-a-vendre\/"},{"@type":"ListItem","position":3,"name":"Maisons en pierre \u00e0 vendre dans l&#8217;Ari\u00e8ge"}]},{"@type":"WebSite","@id":"https:\/\/depierreenpierre.fr\/#website","url":"https:\/\/depierreenpierre.fr\/","name":"depierreenpierre.fr","description":"Plateforme d&#039;annonces immobili\u00e8res sp\u00e9cialis\u00e9e en biens anciens","publisher":{"@id":"https:\/\/depierreenpierre.fr\/#organization"},"potentialAction":[{"@type":"SearchAction","target":{"@type":"EntryPoint","urlTemplate":"https:\/\/depierreenpierre.fr\/?s={search_term_string}"},"query-input":{"@type":"PropertyValueSpecification","valueRequired":true,"valueName":"search_term_string"}}],"inLanguage":"en-US"},{"@type":"Organization","@id":"https:\/\/depierreenpierre.fr\/#organization","name":"depierreenpierre.fr","url":"https:\/\/depierreenpierre.fr\/","logo":{"@type":"ImageObject","inLanguage":"en-US","@id":"https:\/\/depierreenpierre.fr\/#\/schema\/logo\/image\/","url":"https:\/\/depierreenpierre.fr\/wp-content\/uploads\/2025\/10\/Gemini_Generated_Image_onwkifonwkifonwk.png","contentUrl":"https:\/\/depierreenpierre.fr\/wp-content\/uploads\/2025\/10\/Gemini_Generated_Image_onwkifonwkifonwk.png","width":1024,"height":1024,"caption":"depierreenpierre.fr"},"image":{"@id":"https:\/\/depierreenpierre.fr\/#\/schema\/logo\/image\/"},"sameAs":["https:\/\/www.instagram.com\/depierreenpierre\/"]}]}},"_hostinger_reach_plugin_has_subscription_block":false,"_hostinger_reach_plugin_is_elementor":false,"_links":{"self":[{"href":"https:\/\/depierreenpierre.fr\/en\/wp-json\/wp\/v2\/pages\/22791","targetHints":{"allow":["GET"]}}],"collection":[{"href":"https:\/\/depierreenpierre.fr\/en\/wp-json\/wp\/v2\/pages"}],"about":[{"href":"https:\/\/depierreenpierre.fr\/en\/wp-json\/wp\/v2\/types\/page"}],"author":[{"embeddable":true,"href":"https:\/\/depierreenpierre.fr\/en\/wp-json\/wp\/v2\/users\/1"}],"replies":[{"embeddable":true,"href":"https:\/\/depierreenpierre.fr\/en\/wp-json\/wp\/v2\/comments?post=22791"}],"version-history":[{"count":4,"href":"https:\/\/depierreenpierre.fr\/en\/wp-json\/wp\/v2\/pages\/22791\/revisions"}],"predecessor-version":[{"id":22799,"href":"https:\/\/depierreenpierre.fr\/en\/wp-json\/wp\/v2\/pages\/22791\/revisions\/22799"}],"up":[{"embeddable":true,"href":"https:\/\/depierreenpierre.fr\/en\/wp-json\/wp\/v2\/pages\/20710"}],"wp:attachment":[{"href":"https:\/\/depierreenpierre.fr\/en\/wp-json\/wp\/v2\/media?parent=22791"}],"curies":[{"name":"wp","href":"https:\/\/api.w.org\/{rel}","templated":true}]}}