{"id":56,"date":"2020-02-18T11:55:45","date_gmt":"2020-02-18T11:55:45","guid":{"rendered":"https:\/\/demo01.houzez.co\/?page_id=56"},"modified":"2025-12-08T09:47:53","modified_gmt":"2025-12-08T09:47:53","slug":"agents-immobiliers","status":"publish","type":"page","link":"https:\/\/depierreenpierre.fr\/en\/agents-immobiliers\/","title":{"rendered":"Agents immobiliers"},"content":{"rendered":"","protected":false},"excerpt":{"rendered":"","protected":false},"author":1,"featured_media":0,"parent":0,"menu_order":102,"comment_status":"closed","ping_status":"closed","template":"template\/template-agents.php","meta":{"content-type":"","footnotes":""},"class_list":["post-56","page","type-page","status-publish","hentry"],"yoast_head":"<!-- This site is optimized with the Yoast SEO plugin v26.8 - https:\/\/yoast.com\/product\/yoast-seo-wordpress\/ -->\n<title>Agents immobiliers \u2013 De Pierre en Pierre | Sp\u00e9cialistes des biens anciens<\/title>\n<meta name=\"description\" content=\"D\u00e9couvrez les agents partenaires de De Pierre en Pierre, sp\u00e9cialistes des biens anciens en pierre : maisons de caract\u00e8re, b\u00e2tisses historiques et propri\u00e9t\u00e9s rurales.\" \/>\n<meta name=\"robots\" content=\"index, follow, max-snippet:-1, max-image-preview:large, max-video-preview:-1\" \/>\n<link rel=\"canonical\" href=\"https:\/\/depierreenpierre.fr\/en\/agents-immobiliers\/\" \/>\n<meta property=\"og:locale\" content=\"en_US\" \/>\n<meta property=\"og:type\" content=\"article\" \/>\n<meta property=\"og:title\" content=\"Agents immobiliers \u2013 De Pierre en Pierre | Sp\u00e9cialistes des biens anciens\" \/>\n<meta property=\"og:description\" content=\"D\u00e9couvrez les agents partenaires de De Pierre en Pierre, sp\u00e9cialistes des biens anciens en pierre : maisons de caract\u00e8re, b\u00e2tisses historiques et propri\u00e9t\u00e9s rurales.\" \/>\n<meta property=\"og:url\" content=\"https:\/\/depierreenpierre.fr\/en\/agents-immobiliers\/\" \/>\n<meta property=\"og:site_name\" content=\"depierreenpierre.fr\" \/>\n<meta property=\"article:modified_time\" content=\"2025-12-08T09:47:53+00:00\" \/>\n<meta name=\"twitter:card\" content=\"summary_large_image\" \/>\n<script type=\"application\/ld+json\" class=\"yoast-schema-graph\">{\"@context\":\"https:\/\/schema.org\",\"@graph\":[{\"@type\":\"WebPage\",\"@id\":\"https:\/\/depierreenpierre.fr\/agents-immobiliers\/\",\"url\":\"https:\/\/depierreenpierre.fr\/agents-immobiliers\/\",\"name\":\"Agents immobiliers \u2013 De Pierre en Pierre | Sp\u00e9cialistes des biens anciens\",\"isPartOf\":{\"@id\":\"https:\/\/depierreenpierre.fr\/#website\"},\"datePublished\":\"2020-02-18T11:55:45+00:00\",\"dateModified\":\"2025-12-08T09:47:53+00:00\",\"description\":\"D\u00e9couvrez les agents partenaires de De Pierre en Pierre, sp\u00e9cialistes des biens anciens en pierre : maisons de caract\u00e8re, b\u00e2tisses historiques et propri\u00e9t\u00e9s rurales.\",\"breadcrumb\":{\"@id\":\"https:\/\/depierreenpierre.fr\/agents-immobiliers\/#breadcrumb\"},\"inLanguage\":\"en-US\",\"potentialAction\":[{\"@type\":\"ReadAction\",\"target\":[\"https:\/\/depierreenpierre.fr\/agents-immobiliers\/\"]}]},{\"@type\":\"BreadcrumbList\",\"@id\":\"https:\/\/depierreenpierre.fr\/agents-immobiliers\/#breadcrumb\",\"itemListElement\":[{\"@type\":\"ListItem\",\"position\":1,\"name\":\"Accueil\",\"item\":\"https:\/\/depierreenpierre.fr\/\"},{\"@type\":\"ListItem\",\"position\":2,\"name\":\"Agents immobiliers\"}]},{\"@type\":\"WebSite\",\"@id\":\"https:\/\/depierreenpierre.fr\/#website\",\"url\":\"https:\/\/depierreenpierre.fr\/\",\"name\":\"depierreenpierre.fr\",\"description\":\"Plateforme d&#039;annonces immobili\u00e8res sp\u00e9cialis\u00e9e en biens anciens\",\"publisher\":{\"@id\":\"https:\/\/depierreenpierre.fr\/#organization\"},\"potentialAction\":[{\"@type\":\"SearchAction\",\"target\":{\"@type\":\"EntryPoint\",\"urlTemplate\":\"https:\/\/depierreenpierre.fr\/?s={search_term_string}\"},\"query-input\":{\"@type\":\"PropertyValueSpecification\",\"valueRequired\":true,\"valueName\":\"search_term_string\"}}],\"inLanguage\":\"en-US\"},{\"@type\":\"Organization\",\"@id\":\"https:\/\/depierreenpierre.fr\/#organization\",\"name\":\"depierreenpierre.fr\",\"url\":\"https:\/\/depierreenpierre.fr\/\",\"logo\":{\"@type\":\"ImageObject\",\"inLanguage\":\"en-US\",\"@id\":\"https:\/\/depierreenpierre.fr\/#\/schema\/logo\/image\/\",\"url\":\"https:\/\/depierreenpierre.fr\/wp-content\/uploads\/2025\/10\/Gemini_Generated_Image_onwkifonwkifonwk.png\",\"contentUrl\":\"https:\/\/depierreenpierre.fr\/wp-content\/uploads\/2025\/10\/Gemini_Generated_Image_onwkifonwkifonwk.png\",\"width\":1024,\"height\":1024,\"caption\":\"depierreenpierre.fr\"},\"image\":{\"@id\":\"https:\/\/depierreenpierre.fr\/#\/schema\/logo\/image\/\"},\"sameAs\":[\"https:\/\/www.instagram.com\/depierreenpierre\/\"]}]}<\/script>\n<!-- \/ Yoast SEO plugin. -->","yoast_head_json":{"title":"Agents immobiliers \u2013 De Pierre en Pierre | Sp\u00e9cialistes des biens anciens","description":"D\u00e9couvrez les agents partenaires de De Pierre en Pierre, sp\u00e9cialistes des biens anciens en pierre : maisons de caract\u00e8re, b\u00e2tisses historiques et propri\u00e9t\u00e9s rurales.","robots":{"index":"index","follow":"follow","max-snippet":"max-snippet:-1","max-image-preview":"max-image-preview:large","max-video-preview":"max-video-preview:-1"},"canonical":"https:\/\/depierreenpierre.fr\/en\/agents-immobiliers\/","og_locale":"en_US","og_type":"article","og_title":"Agents immobiliers \u2013 De Pierre en Pierre | Sp\u00e9cialistes des biens anciens","og_description":"D\u00e9couvrez les agents partenaires de De Pierre en Pierre, sp\u00e9cialistes des biens anciens en pierre : maisons de caract\u00e8re, b\u00e2tisses historiques et propri\u00e9t\u00e9s rurales.","og_url":"https:\/\/depierreenpierre.fr\/en\/agents-immobiliers\/","og_site_name":"depierreenpierre.fr","article_modified_time":"2025-12-08T09:47:53+00:00","twitter_card":"summary_large_image","schema":{"@context":"https:\/\/schema.org","@graph":[{"@type":"WebPage","@id":"https:\/\/depierreenpierre.fr\/agents-immobiliers\/","url":"https:\/\/depierreenpierre.fr\/agents-immobiliers\/","name":"Agents immobiliers \u2013 De Pierre en Pierre | Sp\u00e9cialistes des biens anciens","isPartOf":{"@id":"https:\/\/depierreenpierre.fr\/#website"},"datePublished":"2020-02-18T11:55:45+00:00","dateModified":"2025-12-08T09:47:53+00:00","description":"D\u00e9couvrez les agents partenaires de De Pierre en Pierre, sp\u00e9cialistes des biens anciens en pierre : maisons de caract\u00e8re, b\u00e2tisses historiques et propri\u00e9t\u00e9s rurales.","breadcrumb":{"@id":"https:\/\/depierreenpierre.fr\/agents-immobiliers\/#breadcrumb"},"inLanguage":"en-US","potentialAction":[{"@type":"ReadAction","target":["https:\/\/depierreenpierre.fr\/agents-immobiliers\/"]}]},{"@type":"BreadcrumbList","@id":"https:\/\/depierreenpierre.fr\/agents-immobiliers\/#breadcrumb","itemListElement":[{"@type":"ListItem","position":1,"name":"Accueil","item":"https:\/\/depierreenpierre.fr\/"},{"@type":"ListItem","position":2,"name":"Agents immobiliers"}]},{"@type":"WebSite","@id":"https:\/\/depierreenpierre.fr\/#website","url":"https:\/\/depierreenpierre.fr\/","name":"depierreenpierre.fr","description":"Plateforme d&#039;annonces immobili\u00e8res sp\u00e9cialis\u00e9e en biens anciens","publisher":{"@id":"https:\/\/depierreenpierre.fr\/#organization"},"potentialAction":[{"@type":"SearchAction","target":{"@type":"EntryPoint","urlTemplate":"https:\/\/depierreenpierre.fr\/?s={search_term_string}"},"query-input":{"@type":"PropertyValueSpecification","valueRequired":true,"valueName":"search_term_string"}}],"inLanguage":"en-US"},{"@type":"Organization","@id":"https:\/\/depierreenpierre.fr\/#organization","name":"depierreenpierre.fr","url":"https:\/\/depierreenpierre.fr\/","logo":{"@type":"ImageObject","inLanguage":"en-US","@id":"https:\/\/depierreenpierre.fr\/#\/schema\/logo\/image\/","url":"https:\/\/depierreenpierre.fr\/wp-content\/uploads\/2025\/10\/Gemini_Generated_Image_onwkifonwkifonwk.png","contentUrl":"https:\/\/depierreenpierre.fr\/wp-content\/uploads\/2025\/10\/Gemini_Generated_Image_onwkifonwkifonwk.png","width":1024,"height":1024,"caption":"depierreenpierre.fr"},"image":{"@id":"https:\/\/depierreenpierre.fr\/#\/schema\/logo\/image\/"},"sameAs":["https:\/\/www.instagram.com\/depierreenpierre\/"]}]}},"_links":{"self":[{"href":"https:\/\/depierreenpierre.fr\/en\/wp-json\/wp\/v2\/pages\/56","targetHints":{"allow":["GET"]}}],"collection":[{"href":"https:\/\/depierreenpierre.fr\/en\/wp-json\/wp\/v2\/pages"}],"about":[{"href":"https:\/\/depierreenpierre.fr\/en\/wp-json\/wp\/v2\/types\/page"}],"author":[{"embeddable":true,"href":"https:\/\/depierreenpierre.fr\/en\/wp-json\/wp\/v2\/users\/1"}],"replies":[{"embeddable":true,"href":"https:\/\/depierreenpierre.fr\/en\/wp-json\/wp\/v2\/comments?post=56"}],"version-history":[{"count":1,"href":"https:\/\/depierreenpierre.fr\/en\/wp-json\/wp\/v2\/pages\/56\/revisions"}],"predecessor-version":[{"id":23839,"href":"https:\/\/depierreenpierre.fr\/en\/wp-json\/wp\/v2\/pages\/56\/revisions\/23839"}],"wp:attachment":[{"href":"https:\/\/depierreenpierre.fr\/en\/wp-json\/wp\/v2\/media?parent=56"}],"curies":[{"name":"wp","href":"https:\/\/api.w.org\/{rel}","templated":true}]}}